{"id":7090,"date":"2026-03-23T15:58:16","date_gmt":"2026-03-23T15:58:16","guid":{"rendered":"https:\/\/backup.blumond.al\/?post_type=product&#038;p=7090"},"modified":"2026-03-23T15:58:16","modified_gmt":"2026-03-23T15:58:16","slug":"anker-maggo-wireless-charger-2-in-1-stand","status":"publish","type":"product","link":"https:\/\/backup.blumond.al\/sq\/product\/anker-maggo-wireless-charger-2-in-1-stand\/","title":{"rendered":"Anker MagGo Wireless Charger (2-in-1 Stand)"},"content":{"rendered":"<p data-start=\"33\" data-end=\"263\"><strong data-start=\"33\" data-end=\"112\"><span class=\"hover:entity-accent entity-underline inline cursor-pointer align-baseline\"><span class=\"whitespace-normal\">Anker<\/span><\/span> MagGo Wireless Charger (2-in-1 Stand)<\/strong> \u00ebsht\u00eb nj\u00eb karikues wireless praktik dhe elegant q\u00eb ju lejon t\u00eb karikoni <strong data-start=\"185\" data-end=\"212\">dy pajisje nj\u00ebkoh\u00ebsisht<\/strong>, duke kursyer koh\u00eb dhe hap\u00ebsir\u00eb n\u00eb tavolin\u00ebn tuaj.<\/p>\n<p data-start=\"265\" data-end=\"515\">Me <strong data-start=\"268\" data-end=\"297\">fuqi karikimi deri n\u00eb 15W<\/strong>, ky karikues siguron karikim t\u00eb shpejt\u00eb dhe efikas p\u00ebr pajisjet tuaja t\u00eb p\u00ebrputhshme me MagSafe. Mund t\u00eb karikoni nj\u00eb smartphone deri n\u00eb rreth <strong data-start=\"441\" data-end=\"468\">25% p\u00ebr vet\u00ebm 21 minuta<\/strong>, duke e b\u00ebr\u00eb ideal p\u00ebr p\u00ebrdorim t\u00eb p\u00ebrditsh\u00ebm.<\/p>\n<p data-start=\"517\" data-end=\"797\">Dizajni <strong data-start=\"525\" data-end=\"535\">2-n\u00eb-1<\/strong> ju mund\u00ebson t\u00eb karikoni nj\u00ebkoh\u00ebsisht telefonin dhe kufjet wireless, duke ofruar komoditet maksimal pa pasur nevoj\u00eb p\u00ebr disa karikues t\u00eb ndrysh\u00ebm. Fal\u00eb struktur\u00ebs n\u00eb form\u00eb standi, pajisja juaj q\u00ebndron n\u00eb nj\u00eb pozicion t\u00eb p\u00ebrshtatsh\u00ebm p\u00ebr p\u00ebrdorim gjat\u00eb karikimit.<\/p>\n<p data-start=\"799\" data-end=\"980\">Karikuesi ofron <strong data-start=\"815\" data-end=\"848\">rregullim fleksib\u00ebl t\u00eb k\u00ebndit<\/strong>, me <strong data-start=\"853\" data-end=\"899\">45\u00b0 vertikal dhe 360\u00b0 rrotullim horizontal<\/strong>, duke ju lejuar t\u00eb gjeni pozicionin ideal p\u00ebr shikim, video-thirrje apo navigim.<\/p>\n<p data-start=\"982\" data-end=\"1173\">P\u00ebr m\u00eb shum\u00eb komoditet, \u00ebsht\u00eb i pajisur me <strong data-start=\"1025\" data-end=\"1046\">dy LED indikator\u00eb<\/strong>, q\u00eb tregojn\u00eb qart\u00eb statusin e karikimit p\u00ebr telefonin dhe kufjet, k\u00ebshtu q\u00eb gjithmon\u00eb e dini n\u00ebse pajisjet tuaja po karikohen.<\/p>\n","protected":false},"excerpt":{"rendered":"<div class=\"flex flex-col text-sm pb-25\">\n<section class=\"text-token-text-primary w-full focus:outline-none [--shadow-height:45px] has-data-writing-block:pointer-events-none has-data-writing-block:-mt-(--shadow-height) has-data-writing-block:pt-(--shadow-height) [&amp;:has([data-writing-block])&gt;*]:pointer-events-auto scroll-mt-[calc(var(--header-height)+min(200px,max(70px,20svh)))]\" dir=\"auto\" data-turn-id=\"request-699ed87e-d8bc-8387-af17-be4d92a70005-10\" data-testid=\"conversation-turn-148\" data-scroll-anchor=\"true\" data-turn=\"assistant\">\n<div class=\"text-base my-auto mx-auto pb-10 [--thread-content-margin:var(--thread-content-margin-xs,calc(var(--spacing)*4))] @w-sm\/main:[--thread-content-margin:var(--thread-content-margin-sm,calc(var(--spacing)*6))] @w-lg\/main:[--thread-content-margin:var(--thread-content-margin-lg,calc(var(--spacing)*16))] px-(--thread-content-margin)\">\n<div class=\"[--thread-content-max-width:40rem] @w-lg\/main:[--thread-content-max-width:48rem] mx-auto max-w-(--thread-content-max-width) flex-1 group\/turn-messages focus-visible:outline-hidden relative flex w-full min-w-0 flex-col agent-turn\">\n<div class=\"flex max-w-full flex-col gap-4 grow\">\n<div class=\"min-h-8 text-message relative flex w-full flex-col items-end gap-2 text-start break-words whitespace-normal outline-none keyboard-focused:focus-ring [.text-message+&amp;]:mt-1\" dir=\"auto\" tabindex=\"0\" data-message-author-role=\"assistant\" data-message-id=\"6f45263d-dab5-4da5-a7d9-5041185b833f\" data-message-model-slug=\"gpt-5-3\" data-turn-start-message=\"true\">\n<div class=\"flex w-full flex-col gap-1 empty:hidden\">\n<div class=\"markdown prose dark:prose-invert w-full wrap-break-word light markdown-new-styling\">\n<p data-start=\"1358\" data-end=\"1642\" data-is-last-node=\"\" data-is-only-node=\"\"><strong data-start=\"1358\" data-end=\"1437\"><span class=\"hover:entity-accent entity-underline inline cursor-pointer align-baseline\"><span class=\"whitespace-normal\">Anker<\/span><\/span> MagGo Wireless Charger (2-in-1 Stand)<\/strong> ofron <strong data-start=\"1444\" data-end=\"1470\">karikim t\u00eb shpejt\u00eb 15W<\/strong>, mund\u00ebsi p\u00ebr t\u00eb karikuar <strong data-start=\"1496\" data-end=\"1522\">2 pajisje nj\u00ebkoh\u00ebsisht<\/strong> dhe <strong data-start=\"1527\" data-end=\"1557\">k\u00ebnd t\u00eb rregulluesh\u00ebm 360\u00b0<\/strong>. Me LED indikator\u00eb dhe dizajn praktik, \u00ebsht\u00eb ideal p\u00ebr p\u00ebrdorim t\u00eb p\u00ebrditsh\u00ebm.<\/p>\n<\/div>\n<\/div>\n<\/div>\n<\/div>\n<\/div>\n<\/div>\n<\/section>\n<\/div>\n","protected":false},"featured_media":7094,"comment_status":"open","ping_status":"closed","template":"","meta":[],"product_brand":[83],"product_cat":[71,110],"product_tag":[],"class_list":{"0":"post-7090","1":"product","2":"type-product","3":"status-publish","4":"has-post-thumbnail","6":"product_brand-anker","7":"product_cat-charger","8":"product_cat-wireless-charger","10":"first","11":"instock","12":"shipping-taxable","13":"purchasable","14":"product-type-simple"},"_links":{"self":[{"href":"https:\/\/backup.blumond.al\/sq\/wp-json\/wp\/v2\/product\/7090","targetHints":{"allow":["GET"]}}],"collection":[{"href":"https:\/\/backup.blumond.al\/sq\/wp-json\/wp\/v2\/product"}],"about":[{"href":"https:\/\/backup.blumond.al\/sq\/wp-json\/wp\/v2\/types\/product"}],"replies":[{"embeddable":true,"href":"https:\/\/backup.blumond.al\/sq\/wp-json\/wp\/v2\/comments?post=7090"}],"wp:featuredmedia":[{"embeddable":true,"href":"https:\/\/backup.blumond.al\/sq\/wp-json\/wp\/v2\/media\/7094"}],"wp:attachment":[{"href":"https:\/\/backup.blumond.al\/sq\/wp-json\/wp\/v2\/media?parent=7090"}],"wp:term":[{"taxonomy":"product_brand","embeddable":true,"href":"https:\/\/backup.blumond.al\/sq\/wp-json\/wp\/v2\/product_brand?post=7090"},{"taxonomy":"product_cat","embeddable":true,"href":"https:\/\/backup.blumond.al\/sq\/wp-json\/wp\/v2\/product_cat?post=7090"},{"taxonomy":"product_tag","embeddable":true,"href":"https:\/\/backup.blumond.al\/sq\/wp-json\/wp\/v2\/product_tag?post=7090"}],"curies":[{"name":"wp","href":"https:\/\/api.w.org\/{rel}","templated":true}]}}