{"id":6965,"date":"2026-03-21T18:11:00","date_gmt":"2026-03-21T18:11:00","guid":{"rendered":"https:\/\/backup.blumond.al\/?post_type=product&#038;p=6965"},"modified":"2026-03-21T18:19:00","modified_gmt":"2026-03-21T18:19:00","slug":"soundcore-liberty-4nc-white","status":"publish","type":"product","link":"https:\/\/backup.blumond.al\/sq\/product\/soundcore-liberty-4nc-white\/","title":{"rendered":"Soundcore Liberty 4NC-White"},"content":{"rendered":"<p data-start=\"268\" data-end=\"648\">Zbuloni p\u00ebrvoj\u00ebn e fundit t\u00eb d\u00ebgjimit me <strong data-start=\"309\" data-end=\"335\">Soundcore Liberty 4 NC<\/strong>, kufjet wireless me <strong data-start=\"356\" data-end=\"399\">Active Noise Cancellation (ANC) adaptiv<\/strong> q\u00eb ndihmon t\u00eb eliminoj\u00eb deri n\u00eb 98.5% t\u00eb zhurm\u00ebs p\u00ebrreth. Me <strong data-start=\"461\" data-end=\"489\">drivera t\u00eb m\u00ebdhenj 11\u202fmm<\/strong> dhe mb\u00ebshtetje p\u00ebr <strong data-start=\"509\" data-end=\"528\">Hi-Res Wireless<\/strong> dhe <strong data-start=\"533\" data-end=\"541\">LDAC<\/strong>, \u00e7do tingull \u00ebsht\u00eb i qart\u00eb dhe i pasur me detaje, duke ju dh\u00ebn\u00eb nj\u00eb p\u00ebrvoj\u00eb muzikore me cil\u00ebsi studioje.<\/p>\n<p data-start=\"650\" data-end=\"844\">Kufjet p\u00ebrfshijn\u00eb teknologjin\u00eb <strong data-start=\"681\" data-end=\"695\">HearID 2.0<\/strong>, e cila personalizon profilin e tingullit sipas d\u00ebgjimit tuaj, dhe nj\u00eb aplikacion ku mund t\u00eb rregulloni plot\u00ebsisht EQ-n\u00eb sipas preferencave tuaja.<\/p>\n<p data-start=\"846\" data-end=\"1049\"><strong data-start=\"846\" data-end=\"868\">Bateria e fuqishme<\/strong> ofron deri n\u00eb 10 or\u00eb p\u00ebrdorim me nj\u00eb karikim t\u00eb vet\u00ebm dhe deri n\u00eb 50 or\u00eb me kutin\u00eb e karikimit. Fal\u00eb karikimit t\u00eb shpejt\u00eb, vet\u00ebm 10 minuta karikim sigurojn\u00eb rreth 4 or\u00eb p\u00ebrdorim.<\/p>\n<p data-start=\"1051\" data-end=\"1314\">Kufjet jan\u00eb t\u00eb lehta, t\u00eb rehatshme dhe me <strong data-start=\"1093\" data-end=\"1134\">rezistenc\u00eb IPX4 ndaj ujit dhe djers\u00ebs<\/strong>, t\u00eb p\u00ebrshtatshme p\u00ebr \u00e7do aktivitet. Bluetooth 5.3 garanton lidhje t\u00eb q\u00ebndrueshme dhe mb\u00ebshtetje p\u00ebr <strong data-start=\"1235\" data-end=\"1249\">multipoint<\/strong>, q\u00eb do t\u00eb thot\u00eb se mund t\u2019i lidhni me dy pajisje nj\u00ebkoh\u00ebsisht.<\/p>\n<p data-start=\"1316\" data-end=\"1511\">Me <strong data-start=\"1319\" data-end=\"1363\">6 mikrofon\u00eb t\u00eb avancuar dhe algoritme AI<\/strong>, thirrjet tuaja jan\u00eb t\u00eb qarta dhe t\u00eb fokusuar. Kontrolli prek\u00ebs ju lejon t\u00eb menaxhoni muzik\u00ebn dhe thirrjet pa pasur nevoj\u00eb t\u00eb p\u00ebrdorni telefonin.<\/p>\n<p data-start=\"1513\" data-end=\"1745\">N\u00eb p\u00ebrgjith\u00ebsi, <strong data-start=\"1529\" data-end=\"1555\">Soundcore Liberty 4 NC<\/strong> jan\u00eb nj\u00eb zgjedhje ideale p\u00ebr ata q\u00eb k\u00ebrkojn\u00eb kombinimin e <strong data-start=\"1614\" data-end=\"1686\">cil\u00ebsis\u00eb s\u00eb lart\u00eb t\u00eb tingullit, ANC t\u00eb avancuar dhe baterie t\u00eb gjat\u00eb<\/strong>, duke ofruar nj\u00eb p\u00ebrvoj\u00eb premium n\u00eb nj\u00eb \u00e7mim t\u00eb arsyesh\u00ebm.<\/p>\n","protected":false},"excerpt":{"rendered":"<p><strong data-start=\"1812\" data-end=\"1863\">Soundcore Liberty 4 NC \u2013 Kufjet wireless me ANC<\/strong><br data-start=\"1863\" data-end=\"1866\" \/>Shijoni muzik\u00ebn tuaj pa nd\u00ebrprerje me <strong data-start=\"1904\" data-end=\"1919\">ANC adaptiv<\/strong>, <strong data-start=\"1921\" data-end=\"1939\">tingull Hi-Res<\/strong> dhe <strong data-start=\"1944\" data-end=\"1969\">bateri deri n\u00eb 50 or\u00eb<\/strong>. Dizajn i leht\u00eb, rezistent ndaj djers\u00ebs dhe i p\u00ebrshtatsh\u00ebm p\u00ebr \u00e7do aktivitet. P\u00ebrvoja audio e personalizuar dhe thirrje t\u00eb qarta ju japin kontroll total mbi d\u00ebgjimin tuaj.<\/p>\n","protected":false},"featured_media":6966,"comment_status":"open","ping_status":"closed","template":"","meta":[],"product_brand":[113],"product_cat":[72],"product_tag":[],"class_list":{"0":"post-6965","1":"product","2":"type-product","3":"status-publish","4":"has-post-thumbnail","6":"product_brand-soundcore","7":"product_cat-headphones","8":"product_shipping_class-shipping-within-3-days","10":"first","11":"instock","12":"sale","13":"shipping-taxable","14":"purchasable","15":"product-type-simple"},"_links":{"self":[{"href":"https:\/\/backup.blumond.al\/sq\/wp-json\/wp\/v2\/product\/6965","targetHints":{"allow":["GET"]}}],"collection":[{"href":"https:\/\/backup.blumond.al\/sq\/wp-json\/wp\/v2\/product"}],"about":[{"href":"https:\/\/backup.blumond.al\/sq\/wp-json\/wp\/v2\/types\/product"}],"replies":[{"embeddable":true,"href":"https:\/\/backup.blumond.al\/sq\/wp-json\/wp\/v2\/comments?post=6965"}],"wp:featuredmedia":[{"embeddable":true,"href":"https:\/\/backup.blumond.al\/sq\/wp-json\/wp\/v2\/media\/6966"}],"wp:attachment":[{"href":"https:\/\/backup.blumond.al\/sq\/wp-json\/wp\/v2\/media?parent=6965"}],"wp:term":[{"taxonomy":"product_brand","embeddable":true,"href":"https:\/\/backup.blumond.al\/sq\/wp-json\/wp\/v2\/product_brand?post=6965"},{"taxonomy":"product_cat","embeddable":true,"href":"https:\/\/backup.blumond.al\/sq\/wp-json\/wp\/v2\/product_cat?post=6965"},{"taxonomy":"product_tag","embeddable":true,"href":"https:\/\/backup.blumond.al\/sq\/wp-json\/wp\/v2\/product_tag?post=6965"}],"curies":[{"name":"wp","href":"https:\/\/api.w.org\/{rel}","templated":true}]}}