{"id":2526,"date":"2025-12-07T17:59:34","date_gmt":"2025-12-07T17:59:34","guid":{"rendered":"https:\/\/backup.blumond.al\/?post_type=product&#038;p=2526"},"modified":"2026-03-21T18:22:53","modified_gmt":"2026-03-21T18:22:53","slug":"borofone-wireless-business-headset","status":"publish","type":"product","link":"https:\/\/backup.blumond.al\/sq\/product\/borofone-wireless-business-headset\/","title":{"rendered":"Borofone Wireless Business Headset"},"content":{"rendered":"<h2 data-start=\"2722\" data-end=\"2748\"><strong data-start=\"2725\" data-end=\"2748\">Karakteristikat Kryesore<\/strong><\/h2>\n<p data-start=\"2749\" data-end=\"3166\">\u2705 P\u00ebrdorim i gjat\u00eb pa karikim t\u00eb shpesht\u00eb <br data-start=\"2830\" data-end=\"2833\" \/>\u2705 Lidhje e q\u00ebndrueshme Bluetooth <br data-start=\"2905\" data-end=\"2908\" \/>\u2705 Dizajn i rehatsh\u00ebm dhe i stilizuar <br data-start=\"2984\" data-end=\"2987\" \/>\u2705 Kontroll i leht\u00eb i thirrjeve dhe muzik\u00ebs <br data-start=\"3069\" data-end=\"3072\" \/>\u2705 Ideal p\u00ebr pun\u00eb, sport dhe aktivitete t\u00eb p\u00ebrditshme<\/p>\n<ul data-start=\"1652\" data-end=\"2079\">\n<li data-start=\"1652\" data-end=\"1791\">\n<p data-start=\"1654\" data-end=\"1791\">Ideale p\u00ebr <strong data-start=\"1665\" data-end=\"1684\">thirrje pa duar<\/strong>, pun\u00eb, sport, udh\u00ebtime ose kur d\u00ebshiron t\u00eb mbash telefonin larg.<\/p>\n<\/li>\n<li data-start=\"1792\" data-end=\"1918\">\n<p data-start=\"1794\" data-end=\"1918\">Dizajni ergonomik siguron <strong data-start=\"1820\" data-end=\"1875\">q\u00ebndrim t\u00eb rehatsh\u00ebm edhe gjat\u00eb p\u00ebrdorimit t\u00eb gjat\u00eb<\/strong>.<\/p>\n<\/li>\n<li data-start=\"1919\" data-end=\"2079\">\n<p data-start=\"1921\" data-end=\"2079\">Butonat e integruar e b\u00ebjn\u00eb t\u00eb leht\u00eb <strong data-start=\"1958\" data-end=\"2007\">pranimin e thirrjeve dhe kontrollin e volumit<\/strong> pa nxjerr\u00eb telefonin nga xhepi.<\/p>\n<\/li>\n<\/ul>\n","protected":false},"excerpt":{"rendered":"<p>Karakteristikat Kryesore \u2705 P\u00ebrdorim i gjat\u00eb pa karikim t\u00eb shpesht\u00eb \u2705 Lidhje e q\u00ebndrueshme Bluetooth \u2705 Dizajn i rehatsh\u00ebm dhe i stilizuar \u2705 Kontroll i leht\u00eb i thirrjeve dhe muzik\u00ebs \u2705 Ideal p\u00ebr pun\u00eb, sport dhe aktivitete t\u00eb p\u00ebrditshme Ideale p\u00ebr thirrje pa duar, pun\u00eb, sport, udh\u00ebtime ose kur d\u00ebshiron t\u00eb mbash telefonin larg. Dizajni<\/p>\n<div class=\"klb-readmore post-buttons\"><a class=\"btn btn-black btn-rounded\" href=\"https:\/\/backup.blumond.al\/sq\/product\/borofone-wireless-business-headset\/\">Read More <i class=\"klbth-icon-right-arrow\"><\/i><\/a><\/div>\n","protected":false},"featured_media":2541,"comment_status":"open","ping_status":"closed","template":"","meta":[],"product_brand":[111],"product_cat":[72],"product_tag":[],"class_list":{"0":"post-2526","1":"product","2":"type-product","3":"status-publish","4":"has-post-thumbnail","6":"product_brand-borofone","7":"product_cat-headphones","8":"product_shipping_class-shipping-within-3-days","10":"first","11":"instock","12":"shipping-taxable","13":"purchasable","14":"product-type-simple"},"_links":{"self":[{"href":"https:\/\/backup.blumond.al\/sq\/wp-json\/wp\/v2\/product\/2526","targetHints":{"allow":["GET"]}}],"collection":[{"href":"https:\/\/backup.blumond.al\/sq\/wp-json\/wp\/v2\/product"}],"about":[{"href":"https:\/\/backup.blumond.al\/sq\/wp-json\/wp\/v2\/types\/product"}],"replies":[{"embeddable":true,"href":"https:\/\/backup.blumond.al\/sq\/wp-json\/wp\/v2\/comments?post=2526"}],"wp:featuredmedia":[{"embeddable":true,"href":"https:\/\/backup.blumond.al\/sq\/wp-json\/wp\/v2\/media\/2541"}],"wp:attachment":[{"href":"https:\/\/backup.blumond.al\/sq\/wp-json\/wp\/v2\/media?parent=2526"}],"wp:term":[{"taxonomy":"product_brand","embeddable":true,"href":"https:\/\/backup.blumond.al\/sq\/wp-json\/wp\/v2\/product_brand?post=2526"},{"taxonomy":"product_cat","embeddable":true,"href":"https:\/\/backup.blumond.al\/sq\/wp-json\/wp\/v2\/product_cat?post=2526"},{"taxonomy":"product_tag","embeddable":true,"href":"https:\/\/backup.blumond.al\/sq\/wp-json\/wp\/v2\/product_tag?post=2526"}],"curies":[{"name":"wp","href":"https:\/\/api.w.org\/{rel}","templated":true}]}}