{"id":2516,"date":"2026-01-26T20:49:14","date_gmt":"2026-01-26T20:49:14","guid":{"rendered":"https:\/\/backup.blumond.al\/?post_type=product&#038;p=2516"},"modified":"2026-03-18T12:23:20","modified_gmt":"2026-03-18T12:23:20","slug":"borofone-bc38-flash-energy-pd20wqc3-0-car-bt-fm-transmitter","status":"publish","type":"product","link":"https:\/\/backup.blumond.al\/sq\/product\/borofone-bc38-flash-energy-pd20wqc3-0-car-bt-fm-transmitter\/","title":{"rendered":"Borofone BC38 Flash Energy PD20W+QC3.0 car BT FM transmitter"},"content":{"rendered":"<p data-start=\"202\" data-end=\"544\"><strong data-start=\"202\" data-end=\"232\">Borofone BC38 Flash Energy<\/strong> \u00ebsht\u00eb nj\u00eb transmetues i avancuar p\u00ebr makin\u00ebn tuaj q\u00eb kombinon funksionet e karikimit t\u00eb shpejt\u00eb, transmetimit audio dhe lidhjes Bluetooth. Ai mb\u00ebshtet <strong data-start=\"384\" data-end=\"406\">Power Delivery 20W<\/strong> dhe <strong data-start=\"411\" data-end=\"431\">Quick Charge 3.0<\/strong>, duke siguruar karikim t\u00eb shpejt\u00eb dhe efikas p\u00ebr smartphone-et, tablet\u00ebt dhe pajisje t\u00eb tjera gjat\u00eb udh\u00ebtimit.<\/p>\n<p data-start=\"546\" data-end=\"910\">Ky transmetues i makin\u00ebs p\u00ebrdor teknologjin\u00eb <strong data-start=\"591\" data-end=\"604\">Bluetooth<\/strong> p\u00ebr t\u00eb lidhur telefonin tuaj dhe p\u00ebr t\u00eb transmetuar muzik\u00ebn direkt tek radio e makin\u00ebs p\u00ebrmes <strong data-start=\"699\" data-end=\"705\">FM<\/strong>, duke siguruar tingull t\u00eb qart\u00eb dhe t\u00eb pand\u00ebrprer\u00eb. Me madh\u00ebsi kompakte dhe dizajn praktik, ai p\u00ebrshtatet leht\u00ebsisht n\u00eb priz\u00ebn e karikimit t\u00eb makin\u00ebs dhe mund t\u00eb p\u00ebrdoret edhe p\u00ebr telefonata hands-free.<\/p>\n<p data-start=\"912\" data-end=\"1252\"><strong data-start=\"912\" data-end=\"949\">Siguri dhe funksionalitet i lart\u00eb<\/strong> \u2013 Pajisja ka mbrojtje nga mbingarkesa, kontroll temperatur\u00ebs dhe rregullim rryme p\u00ebr t\u00eb mbrojtur pajisjet tuaja gjat\u00eb karikimit. Ai gjithashtu mb\u00ebshtet <strong data-start=\"1102\" data-end=\"1142\">TF Card dhe USB Flash Drive playback<\/strong>, duke e b\u00ebr\u00eb t\u00eb mundur riprodhimin e muzik\u00ebs nga burime t\u00eb ndryshme pa u lidhur drejtp\u00ebrdrejt me telefonin.<\/p>\n<p data-start=\"1254\" data-end=\"1409\">Ky \u00ebsht\u00eb aksesor i domosdosh\u00ebm p\u00ebr \u00e7do udh\u00ebtar, duke e b\u00ebr\u00eb \u00e7do udh\u00ebtim m\u00eb t\u00eb k\u00ebndsh\u00ebm dhe t\u00eb sigurt me karikim t\u00eb shpejt\u00eb dhe muzik\u00eb cil\u00ebsore n\u00eb makin\u00eb.<\/p>\n","protected":false},"excerpt":{"rendered":"<div class=\"flex flex-col text-sm pb-25\">\n<article class=\"text-token-text-primary w-full focus:outline-none [--shadow-height:45px] has-data-writing-block:pointer-events-none has-data-writing-block:-mt-(--shadow-height) has-data-writing-block:pt-(--shadow-height) [&amp;:has([data-writing-block])&gt;*]:pointer-events-auto scroll-mt-[calc(var(--header-height)+min(200px,max(70px,20svh)))]\" dir=\"auto\" tabindex=\"-1\" data-turn-id=\"request-697b2251-0424-8386-b01f-446afed8f9af-48\" data-testid=\"conversation-turn-122\" data-scroll-anchor=\"true\" data-turn=\"assistant\">\n<div class=\"text-base my-auto mx-auto pb-10 [--thread-content-margin:--spacing(4)] @w-sm\/main:[--thread-content-margin:--spacing(6)] @w-lg\/main:[--thread-content-margin:--spacing(16)] px-(--thread-content-margin)\">\n<div class=\"[--thread-content-max-width:40rem] @w-lg\/main:[--thread-content-max-width:48rem] mx-auto max-w-(--thread-content-max-width) flex-1 group\/turn-messages focus-visible:outline-hidden relative flex w-full min-w-0 flex-col agent-turn\" tabindex=\"-1\">\n<div class=\"flex max-w-full flex-col grow\">\n<div class=\"min-h-8 text-message relative flex w-full flex-col items-end gap-2 text-start break-words whitespace-normal [.text-message+&amp;]:mt-1\" dir=\"auto\" data-message-author-role=\"assistant\" data-message-id=\"e7a1aa3c-ac51-43dd-b502-f3a54afc7471\" data-message-model-slug=\"gpt-5-mini\">\n<div class=\"flex w-full flex-col gap-1 empty:hidden first:pt-[1px]\">\n<div class=\"markdown prose dark:prose-invert w-full wrap-break-word light markdown-new-styling\">\n<p data-start=\"107\" data-end=\"350\">Borofone BC38 \u00ebsht\u00eb nj\u00eb transmetues FM p\u00ebr makin\u00ebn tuaj me Bluetooth, q\u00eb ofron karikim t\u00eb shpejt\u00eb <strong data-start=\"205\" data-end=\"224\">PD 20W + QC 3.0<\/strong>, riprodhim muzikor nga TF\/USB dhe thirrje hands-free, duke siguruar muzik\u00eb cil\u00ebsore dhe karikim t\u00eb sigurt gjat\u00eb \u00e7do udh\u00ebtimi.<\/p>\n<\/div>\n<\/div>\n<\/div>\n<\/div>\n<div class=\"z-0 flex min-h-[46px] justify-start\"><\/div>\n<div class=\"mt-3 w-full empty:hidden\">\n<div class=\"text-center\"><\/div>\n<\/div>\n<\/div>\n<\/div>\n<\/article>\n<\/div>\n<div class=\"pointer-events-none h-px w-px absolute bottom-0\" aria-hidden=\"true\" data-edge=\"true\"><\/div>\n","protected":false},"featured_media":2665,"comment_status":"open","ping_status":"closed","template":"","meta":[],"product_brand":[111],"product_cat":[71,89],"product_tag":[],"class_list":{"0":"post-2516","1":"product","2":"type-product","3":"status-publish","4":"has-post-thumbnail","6":"product_brand-borofone","7":"product_cat-charger","8":"product_cat-car-charger","9":"product_shipping_class-shipping-within-3-days","11":"first","12":"instock","13":"shipping-taxable","14":"purchasable","15":"product-type-simple"},"_links":{"self":[{"href":"https:\/\/backup.blumond.al\/sq\/wp-json\/wp\/v2\/product\/2516","targetHints":{"allow":["GET"]}}],"collection":[{"href":"https:\/\/backup.blumond.al\/sq\/wp-json\/wp\/v2\/product"}],"about":[{"href":"https:\/\/backup.blumond.al\/sq\/wp-json\/wp\/v2\/types\/product"}],"replies":[{"embeddable":true,"href":"https:\/\/backup.blumond.al\/sq\/wp-json\/wp\/v2\/comments?post=2516"}],"wp:featuredmedia":[{"embeddable":true,"href":"https:\/\/backup.blumond.al\/sq\/wp-json\/wp\/v2\/media\/2665"}],"wp:attachment":[{"href":"https:\/\/backup.blumond.al\/sq\/wp-json\/wp\/v2\/media?parent=2516"}],"wp:term":[{"taxonomy":"product_brand","embeddable":true,"href":"https:\/\/backup.blumond.al\/sq\/wp-json\/wp\/v2\/product_brand?post=2516"},{"taxonomy":"product_cat","embeddable":true,"href":"https:\/\/backup.blumond.al\/sq\/wp-json\/wp\/v2\/product_cat?post=2516"},{"taxonomy":"product_tag","embeddable":true,"href":"https:\/\/backup.blumond.al\/sq\/wp-json\/wp\/v2\/product_tag?post=2516"}],"curies":[{"name":"wp","href":"https:\/\/api.w.org\/{rel}","templated":true}]}}