{"id":2507,"date":"2026-01-26T20:49:30","date_gmt":"2026-01-26T20:49:30","guid":{"rendered":"https:\/\/backup.blumond.al\/?post_type=product&#038;p=2507"},"modified":"2026-03-18T11:39:57","modified_gmt":"2026-03-18T11:39:57","slug":"car-charger-borofone-bz21","status":"publish","type":"product","link":"https:\/\/backup.blumond.al\/sq\/product\/car-charger-borofone-bz21\/","title":{"rendered":"Car Charger BOROFONE BZ21"},"content":{"rendered":"<p data-start=\"178\" data-end=\"683\"><strong data-start=\"178\" data-end=\"195\">Borofone BZ21<\/strong> \u00ebsht\u00eb nj\u00eb karikues automjeti kompakt dhe funksional me fuqin\u00eb totale <strong data-start=\"265\" data-end=\"272\">48W<\/strong>, i dizajnuar p\u00ebr t\u00eb mbajtur telefonin dhe pajisje t\u00eb tjera elektronik\u00eb gjithmon\u00eb t\u00eb karikuar gjat\u00eb udh\u00ebtimeve. Ai ofron dy porte dalje \u2013 nj\u00eb <strong data-start=\"414\" data-end=\"464\">USB\u2011C me mb\u00ebshtetje Power Delivery deri n\u00eb 30W<\/strong> p\u00ebr karikim t\u00eb shpejt\u00eb t\u00eb pajisjeve moderne dhe nj\u00eb <strong data-start=\"517\" data-end=\"558\">USB\u2011A me Quick Charge 3.0 deri n\u00eb 18W<\/strong> p\u00ebr pajisje t\u00eb tjera t\u00eb p\u00ebrditshme, duke lejuar karikimin e dy pajisjeve nj\u00ebkoh\u00ebsisht.<\/p>\n<p data-start=\"685\" data-end=\"940\">Karikuesi funksionon n\u00eb rrjetin standard t\u00eb makin\u00ebs me tension <strong data-start=\"748\" data-end=\"758\">12\u201124V<\/strong>, \u00ebsht\u00eb i vog\u00ebl dhe i leht\u00eb p\u00ebr t\u2019u p\u00ebrdorur, dhe p\u00ebrfshin mbrojtje t\u00eb integruar kund\u00ebr shkurtcircuitit dhe mbingarkes\u00ebs p\u00ebr p\u00ebrdorim t\u00eb sigurt.<\/p>\n<p data-start=\"942\" data-end=\"1097\">Borofone BZ21 \u00ebsht\u00eb zgjidhja ideale p\u00ebr ata q\u00eb duan karikim t\u00eb shpejt\u00eb dhe t\u00eb besuesh\u00ebm gjat\u00eb \u00e7do udh\u00ebtimi me makin\u00eb.<\/p>\n","protected":false},"excerpt":{"rendered":"<p>Borofone BZ21 \u00ebsht\u00eb karikues automjeti 48W me dy porta (USB\u2011C PD 30W dhe USB\u2011A QC 18W), q\u00eb ofron karikim t\u00eb shpejt\u00eb dhe t\u00eb sigurt p\u00ebr telefon\u00ebt dhe pajisjet tuaja gjat\u00eb udh\u00ebtimeve.<\/p>\n","protected":false},"featured_media":2617,"comment_status":"open","ping_status":"closed","template":"","meta":[],"product_brand":[111],"product_cat":[71,89],"product_tag":[],"class_list":{"0":"post-2507","1":"product","2":"type-product","3":"status-publish","4":"has-post-thumbnail","6":"product_brand-borofone","7":"product_cat-charger","8":"product_cat-car-charger","9":"product_shipping_class-shipping-within-3-days","11":"first","12":"instock","13":"shipping-taxable","14":"purchasable","15":"product-type-simple"},"_links":{"self":[{"href":"https:\/\/backup.blumond.al\/sq\/wp-json\/wp\/v2\/product\/2507","targetHints":{"allow":["GET"]}}],"collection":[{"href":"https:\/\/backup.blumond.al\/sq\/wp-json\/wp\/v2\/product"}],"about":[{"href":"https:\/\/backup.blumond.al\/sq\/wp-json\/wp\/v2\/types\/product"}],"replies":[{"embeddable":true,"href":"https:\/\/backup.blumond.al\/sq\/wp-json\/wp\/v2\/comments?post=2507"}],"wp:featuredmedia":[{"embeddable":true,"href":"https:\/\/backup.blumond.al\/sq\/wp-json\/wp\/v2\/media\/2617"}],"wp:attachment":[{"href":"https:\/\/backup.blumond.al\/sq\/wp-json\/wp\/v2\/media?parent=2507"}],"wp:term":[{"taxonomy":"product_brand","embeddable":true,"href":"https:\/\/backup.blumond.al\/sq\/wp-json\/wp\/v2\/product_brand?post=2507"},{"taxonomy":"product_cat","embeddable":true,"href":"https:\/\/backup.blumond.al\/sq\/wp-json\/wp\/v2\/product_cat?post=2507"},{"taxonomy":"product_tag","embeddable":true,"href":"https:\/\/backup.blumond.al\/sq\/wp-json\/wp\/v2\/product_tag?post=2507"}],"curies":[{"name":"wp","href":"https:\/\/api.w.org\/{rel}","templated":true}]}}