{"id":2453,"date":"2025-12-07T17:59:24","date_gmt":"2025-12-07T17:59:24","guid":{"rendered":"https:\/\/backup.blumond.al\/?post_type=product&#038;p=2453"},"modified":"2026-03-15T11:28:14","modified_gmt":"2026-03-15T11:28:14","slug":"esr-shift-keyboard-case","status":"publish","type":"product","link":"https:\/\/backup.blumond.al\/sq\/product\/esr-shift-keyboard-case\/","title":{"rendered":"iPad 10th Gen\/ A16 Shift Keyboard Case Dark Gray"},"content":{"rendered":"<p data-start=\"249\" data-end=\"568\">ESR Shift Keyboard Case \u00ebsht\u00eb zgjidhja ideale p\u00ebr ata q\u00eb duan ta kthejn\u00eb tabletin e tyre n\u00eb nj\u00eb mjet pune t\u00eb v\u00ebrtet\u00eb. I projektuar p\u00ebr <strong data-start=\"384\" data-end=\"451\">stabilitet maksimal, kontroll preciz dhe fleksibilitet t\u00eb plot\u00eb<\/strong>, ky keyboard case kombinon dizajn inteligjent me funksionalitet praktik p\u00ebr p\u00ebrdorim t\u00eb p\u00ebrditsh\u00ebm, pun\u00eb ose studim.<\/p>\n<p data-start=\"570\" data-end=\"780\">Fal\u00eb <strong data-start=\"575\" data-end=\"610\">stand-it trek\u00ebndor shum\u00eb stabil<\/strong>, ekrani q\u00ebndron i sigurt n\u00eb \u00e7do k\u00ebnd shikimi, duke e b\u00ebr\u00eb t\u00eb rehatsh\u00ebm p\u00ebrdorimin p\u00ebr shkrim, shikim video apo video-call, pa l\u00ebkundje dhe pa kompromis n\u00eb q\u00ebndrueshm\u00ebri.<\/p>\n<p data-start=\"782\" data-end=\"979\"><strong data-start=\"782\" data-end=\"818\">Trackpad-i me sip\u00ebrfaqe t\u00eb plot\u00eb<\/strong>, rreth <strong data-start=\"826\" data-end=\"843\">65% m\u00eb i madh<\/strong>, ofron l\u00ebvizje m\u00eb t\u00eb but\u00eb dhe kontroll m\u00eb t\u00eb sakt\u00eb t\u00eb kursorit, duke p\u00ebrmir\u00ebsuar ndjesh\u00ebm eksperienc\u00ebn e navigimit dhe multitasking-ut.<\/p>\n<p data-start=\"981\" data-end=\"1263\">P\u00ebr m\u00eb shum\u00eb liri p\u00ebrdorimi, <strong data-start=\"1010\" data-end=\"1042\">tastiera \u00ebsht\u00eb e shk\u00ebputshme<\/strong>, duke t\u00eb lejuar ta p\u00ebrdor\u00ebsh tabletin si n\u00eb <strong data-start=\"1087\" data-end=\"1130\">orientim horizontal ashtu edhe vertikal<\/strong>. Ky fleksibilitet e b\u00ebn ESR Shift Keyboard Case perfekt p\u00ebr situata t\u00eb ndryshme \u2013 nga puna n\u00eb tavolin\u00eb deri te p\u00ebrdorimi n\u00eb l\u00ebvizje.<\/p>\n","protected":false},"excerpt":{"rendered":"<p>ESR Shift Keyboard Case ofron <strong data-start=\"131\" data-end=\"166\">stabilitet maksimal n\u00eb \u00e7do k\u00ebnd<\/strong>, <strong data-start=\"168\" data-end=\"213\">trackpad m\u00eb t\u00eb madh p\u00ebr kontroll t\u00eb sakt\u00eb<\/strong> dhe <strong data-start=\"218\" data-end=\"245\">tastier\u00eb t\u00eb shk\u00ebputshme<\/strong> p\u00ebr fleksibilitet t\u00eb plot\u00eb. Zgjidhja perfekte p\u00ebr produktivitet m\u00eb t\u00eb lart\u00eb, si n\u00eb pun\u00eb ashtu edhe n\u00eb p\u00ebrdorim t\u00eb p\u00ebrditsh\u00ebm.<\/p>\n","protected":false},"featured_media":2974,"comment_status":"open","ping_status":"closed","template":"","meta":[],"product_brand":[82],"product_cat":[96,230,80],"product_tag":[],"class_list":{"0":"post-2453","1":"product","2":"type-product","3":"status-publish","4":"has-post-thumbnail","6":"product_brand-esr","7":"product_cat-ipad-keyboard-case","8":"product_cat-ipad-a16-ipad-keyboard-case","9":"product_cat-keyboard","10":"product_shipping_class-shipping-within-3-days","12":"first","13":"instock","14":"shipping-taxable","15":"purchasable","16":"product-type-simple"},"_links":{"self":[{"href":"https:\/\/backup.blumond.al\/sq\/wp-json\/wp\/v2\/product\/2453","targetHints":{"allow":["GET"]}}],"collection":[{"href":"https:\/\/backup.blumond.al\/sq\/wp-json\/wp\/v2\/product"}],"about":[{"href":"https:\/\/backup.blumond.al\/sq\/wp-json\/wp\/v2\/types\/product"}],"replies":[{"embeddable":true,"href":"https:\/\/backup.blumond.al\/sq\/wp-json\/wp\/v2\/comments?post=2453"}],"wp:featuredmedia":[{"embeddable":true,"href":"https:\/\/backup.blumond.al\/sq\/wp-json\/wp\/v2\/media\/2974"}],"wp:attachment":[{"href":"https:\/\/backup.blumond.al\/sq\/wp-json\/wp\/v2\/media?parent=2453"}],"wp:term":[{"taxonomy":"product_brand","embeddable":true,"href":"https:\/\/backup.blumond.al\/sq\/wp-json\/wp\/v2\/product_brand?post=2453"},{"taxonomy":"product_cat","embeddable":true,"href":"https:\/\/backup.blumond.al\/sq\/wp-json\/wp\/v2\/product_cat?post=2453"},{"taxonomy":"product_tag","embeddable":true,"href":"https:\/\/backup.blumond.al\/sq\/wp-json\/wp\/v2\/product_tag?post=2453"}],"curies":[{"name":"wp","href":"https:\/\/api.w.org\/{rel}","templated":true}]}}