{"id":2442,"date":"2026-01-26T20:49:31","date_gmt":"2026-01-26T20:49:31","guid":{"rendered":"https:\/\/backup.blumond.al\/?post_type=product&#038;p=2442"},"modified":"2026-03-12T12:57:16","modified_gmt":"2026-03-12T12:57:16","slug":"esr-armorite-screen-protector-transparent","status":"publish","type":"product","link":"https:\/\/backup.blumond.al\/sq\/product\/esr-armorite-screen-protector-transparent\/","title":{"rendered":"iPhone 16 ProMax ESR Armorite Screen Protector Transparent"},"content":{"rendered":"<p data-start=\"212\" data-end=\"530\">Mbroni ekranin e pajisjes suaj me <strong data-start=\"246\" data-end=\"294\">ESR Armorite Screen Protector Transparent 7x<\/strong>, i dizajnuar p\u00ebr t\u00eb ofruar <strong data-start=\"322\" data-end=\"370\">forc\u00eb 7 her\u00eb m\u00eb t\u00eb madhe se xhamat standard\u00eb<\/strong>. Ky mbrojt\u00ebs i ekranit siguron rezistenc\u00eb maksimale ndaj g\u00ebrvishtjeve, goditjeve dhe p\u00ebrdorimit t\u00eb p\u00ebrditsh\u00ebm, duke ruajtur ekranin tuaj n\u00eb gjendje perfekte.<\/p>\n<p data-start=\"532\" data-end=\"836\">Materiali premium ofron <strong data-start=\"556\" data-end=\"581\">transparenc\u00eb t\u00eb lart\u00eb<\/strong> dhe <strong data-start=\"586\" data-end=\"623\">ndjeshm\u00ebri t\u00eb sakt\u00eb ndaj prekjeve<\/strong>, duke ju lejuar t\u00eb shijoni pamje kristal t\u00eb qart\u00eb dhe funksionim t\u00eb pandryshuar t\u00eb ekranit. Nd\u00ebrkoh\u00eb q\u00eb \u00ebsht\u00eb i holl\u00eb dhe elegant, ai \u00ebsht\u00eb mjaft i fort\u00eb p\u00ebr t\u2019iu mbrojtur \u00e7do d\u00ebmtimi t\u00eb mundsh\u00ebm t\u00eb p\u00ebrditsh\u00ebm.<\/p>\n<p data-start=\"838\" data-end=\"1164\">Instalimi \u00ebsht\u00eb i thjesht\u00eb dhe i shpejt\u00eb fal\u00eb dizajnit <strong data-start=\"893\" data-end=\"908\">anti-bubble<\/strong>, q\u00eb garanton vendosje t\u00eb past\u00ebr dhe pa v\u00ebshtir\u00ebsi. Me <strong data-start=\"963\" data-end=\"994\">ESR Armorite Transparent 7x<\/strong>, ekranet tuaja mbeten t\u00eb sigurta, t\u00eb qarta dhe t\u00eb mbrojtura nga \u00e7do rrezik i zakonsh\u00ebm. Nj\u00eb zgjidhje praktike dhe e besueshme p\u00ebr t\u00eb ruajtur pajisjet tuaja si t\u00eb reja.<\/p>\n","protected":false},"excerpt":{"rendered":"<p>Ruani ekranin si t\u00eb ri me <strong data-start=\"333\" data-end=\"364\">ESR Armorite Transparent 7x<\/strong> \u2013 i fort\u00eb, i holl\u00eb dhe me transparenc\u00eb t\u00eb lart\u00eb.<\/p>\n","protected":false},"featured_media":4287,"comment_status":"open","ping_status":"closed","template":"","meta":[],"product_brand":[82],"product_cat":[93,235,75],"product_tag":[],"class_list":{"0":"post-2442","1":"product","2":"type-product","3":"status-publish","4":"has-post-thumbnail","6":"product_brand-esr","7":"product_cat-iphone-screen-protector","8":"product_cat-iphone-16-promax-iphone-screen-protector","9":"product_cat-screen-protector","10":"product_shipping_class-shipping-within-3-days","12":"first","13":"instock","14":"sale","15":"shipping-taxable","16":"purchasable","17":"product-type-simple"},"_links":{"self":[{"href":"https:\/\/backup.blumond.al\/sq\/wp-json\/wp\/v2\/product\/2442","targetHints":{"allow":["GET"]}}],"collection":[{"href":"https:\/\/backup.blumond.al\/sq\/wp-json\/wp\/v2\/product"}],"about":[{"href":"https:\/\/backup.blumond.al\/sq\/wp-json\/wp\/v2\/types\/product"}],"replies":[{"embeddable":true,"href":"https:\/\/backup.blumond.al\/sq\/wp-json\/wp\/v2\/comments?post=2442"}],"wp:featuredmedia":[{"embeddable":true,"href":"https:\/\/backup.blumond.al\/sq\/wp-json\/wp\/v2\/media\/4287"}],"wp:attachment":[{"href":"https:\/\/backup.blumond.al\/sq\/wp-json\/wp\/v2\/media?parent=2442"}],"wp:term":[{"taxonomy":"product_brand","embeddable":true,"href":"https:\/\/backup.blumond.al\/sq\/wp-json\/wp\/v2\/product_brand?post=2442"},{"taxonomy":"product_cat","embeddable":true,"href":"https:\/\/backup.blumond.al\/sq\/wp-json\/wp\/v2\/product_cat?post=2442"},{"taxonomy":"product_tag","embeddable":true,"href":"https:\/\/backup.blumond.al\/sq\/wp-json\/wp\/v2\/product_tag?post=2442"}],"curies":[{"name":"wp","href":"https:\/\/api.w.org\/{rel}","templated":true}]}}