{"id":2414,"date":"2025-12-07T17:59:19","date_gmt":"2025-12-07T17:59:19","guid":{"rendered":"https:\/\/backup.blumond.al\/?post_type=product&#038;p=2414"},"modified":"2026-03-17T10:50:04","modified_gmt":"2026-03-17T10:50:04","slug":"anker-nano-power-bank","status":"publish","type":"product","link":"https:\/\/backup.blumond.al\/sq\/product\/anker-nano-power-bank\/","title":{"rendered":"Anker Nano Power Bank (10K, 45W, Built-In Retractable USB-C Cable)"},"content":{"rendered":"<p data-start=\"273\" data-end=\"663\"><strong data-start=\"273\" data-end=\"298\">Anker Nano Power Bank<\/strong> ofron nj\u00eb zgjidhje t\u00eb fuqishme dhe praktike p\u00ebr energji kudo q\u00eb jeni. Me <strong data-start=\"372\" data-end=\"395\">kapacitet 10,000mAh<\/strong>, karikim maksimal 45W dhe teknologji pass-through, mund t\u00eb karikoni pajisjet tuaja dhe nj\u00ebkoh\u00ebsisht t\u00eb rikarikoni vet\u00eb power bank-un. E pajtueshme me standardin Samsung Fast Charging 2.0, kjo pajisje siguron karikim t\u00eb shpejt\u00eb dhe efikas p\u00ebr smartphone dhe tablet\u00eb.<\/p>\n<p data-start=\"665\" data-end=\"916\">Dizajni <strong data-start=\"673\" data-end=\"697\">i holl\u00eb dhe portativ<\/strong> e b\u00ebn 16% m\u00eb t\u00eb vog\u00ebl se modelet standarde, me kabllo t\u00eb integruar t\u00eb t\u00ebrheqshme, duke eliminuar nevoj\u00ebn p\u00ebr kabllo shtes\u00eb. Power bank-u \u00ebsht\u00eb gjithashtu <strong data-start=\"852\" data-end=\"881\">i aprovuara p\u00ebr fluturime<\/strong>, duke e b\u00ebr\u00eb ideal p\u00ebr udh\u00ebtime.<\/p>\n<p data-start=\"918\" data-end=\"1177\">Me <strong data-start=\"921\" data-end=\"955\">karikim t\u00eb dyansh\u00ebm t\u00eb shpejt\u00eb<\/strong>, nj\u00eb port\u00eb USB-C ofron <strong data-start=\"979\" data-end=\"999\">45W p\u00ebr pajisjet<\/strong> dhe <strong data-start=\"1004\" data-end=\"1043\">30W p\u00ebr rikarikimin e power bank-ut<\/strong>, duke mund\u00ebsuar nj\u00eb iPhone 17 Pro t\u00eb karikohet deri n\u00eb 50% n\u00eb vet\u00ebm 20 minuta, nd\u00ebrsa power bank-u rikarikohet plot\u00ebsisht n\u00eb 2 or\u00eb.<\/p>\n<p data-start=\"1179\" data-end=\"1352\">Kablloja e integruar e t\u00ebrheqshme \u00ebsht\u00eb e fort\u00eb dhe e q\u00ebndrueshme, e aft\u00eb p\u00ebr mbi <strong data-start=\"1261\" data-end=\"1280\">20,000 p\u00ebrkulje<\/strong>, duke siguruar karikim t\u00eb rregullt dhe t\u00eb past\u00ebr pa rr\u00ebmuj\u00eb kabllosh<\/p>\n","protected":false},"excerpt":{"rendered":"<p>Anker Nano Power Bank 10,000mAh me karikim t\u00eb shpejt\u00eb 45W dhe kabllo t\u00eb integruar USB-C t\u00eb t\u00ebrheqshme, kompakt dhe portativ, ofron energji t\u00eb sigurt dhe efikase kudo q\u00eb ndodheni.<\/p>\n","protected":false},"featured_media":3168,"comment_status":"open","ping_status":"closed","template":"","meta":[],"product_brand":[83],"product_cat":[70],"product_tag":[],"class_list":{"0":"post-2414","1":"product","2":"type-product","3":"status-publish","4":"has-post-thumbnail","6":"product_brand-anker","7":"product_cat-power-bank","8":"product_shipping_class-shipping-within-3-days","10":"first","11":"instock","12":"shipping-taxable","13":"purchasable","14":"product-type-simple"},"_links":{"self":[{"href":"https:\/\/backup.blumond.al\/sq\/wp-json\/wp\/v2\/product\/2414","targetHints":{"allow":["GET"]}}],"collection":[{"href":"https:\/\/backup.blumond.al\/sq\/wp-json\/wp\/v2\/product"}],"about":[{"href":"https:\/\/backup.blumond.al\/sq\/wp-json\/wp\/v2\/types\/product"}],"replies":[{"embeddable":true,"href":"https:\/\/backup.blumond.al\/sq\/wp-json\/wp\/v2\/comments?post=2414"}],"wp:featuredmedia":[{"embeddable":true,"href":"https:\/\/backup.blumond.al\/sq\/wp-json\/wp\/v2\/media\/3168"}],"wp:attachment":[{"href":"https:\/\/backup.blumond.al\/sq\/wp-json\/wp\/v2\/media?parent=2414"}],"wp:term":[{"taxonomy":"product_brand","embeddable":true,"href":"https:\/\/backup.blumond.al\/sq\/wp-json\/wp\/v2\/product_brand?post=2414"},{"taxonomy":"product_cat","embeddable":true,"href":"https:\/\/backup.blumond.al\/sq\/wp-json\/wp\/v2\/product_cat?post=2414"},{"taxonomy":"product_tag","embeddable":true,"href":"https:\/\/backup.blumond.al\/sq\/wp-json\/wp\/v2\/product_tag?post=2414"}],"curies":[{"name":"wp","href":"https:\/\/api.w.org\/{rel}","templated":true}]}}