{"id":2409,"date":"2025-12-07T17:59:19","date_gmt":"2025-12-07T17:59:19","guid":{"rendered":"https:\/\/backup.blumond.al\/?post_type=product&#038;p=2409"},"modified":"2026-03-17T17:29:14","modified_gmt":"2026-03-17T17:29:14","slug":"anker-prime-250w","status":"publish","type":"product","link":"https:\/\/backup.blumond.al\/sq\/product\/anker-prime-250w\/","title":{"rendered":"Anker Prime Charger 250W"},"content":{"rendered":"<p data-start=\"227\" data-end=\"559\"><strong data-start=\"227\" data-end=\"250\">Anker Prime Charger<\/strong> \u00ebsht\u00eb nj\u00eb stacion karikimi jasht\u00ebzakonisht i fuqish\u00ebm dhe inteligjent, i projektuar p\u00ebr p\u00ebrdoruesit q\u00eb kan\u00eb nevoj\u00eb p\u00ebr energji t\u00eb madhe dhe menaxhim t\u00eb sakt\u00eb t\u00eb saj. Me <strong data-start=\"420\" data-end=\"440\">fuqi totale 250W<\/strong> dhe <strong data-start=\"445\" data-end=\"456\">6 porte<\/strong>, mund t\u00eb karikoni nj\u00ebkoh\u00ebsisht laptop\u00eb, tablet\u00eb dhe smartphone pa kompromis n\u00eb shpejt\u00ebsi apo siguri.<\/p>\n<p data-start=\"561\" data-end=\"794\"><strong data-start=\"561\" data-end=\"585\">Teknologjia GaNPrime<\/strong> kombinon efikasitetin e gjall\u00eb t\u00eb GaN me nj\u00eb dizajn kompakt, duke e b\u00ebr\u00eb k\u00ebt\u00eb karikues t\u00eb p\u00ebrshtatsh\u00ebm p\u00ebr zyre apo sht\u00ebpi, dhe <strong data-start=\"714\" data-end=\"729\">PowerIQ 4.0<\/strong> siguron shp\u00ebrndarje inteligjente t\u00eb energjis\u00eb p\u00ebr \u00e7do pajisje.<\/p>\n<p data-start=\"796\" data-end=\"1005\">Ekrani LCD 2.26&#8243; dhe <strong data-start=\"817\" data-end=\"853\">dial-i i menaxhimit t\u00eb energjis\u00eb<\/strong> ofrojn\u00eb kontroll intuitiv dhe feedback n\u00eb koh\u00eb reale p\u00ebr karikimin, duke ju mund\u00ebsuar t\u00eb rregulloni fuqin\u00eb e daljes sipas nevoj\u00ebs s\u00eb secil\u00ebs pajisje.<\/p>\n<p data-start=\"1007\" data-end=\"1242\"><strong data-start=\"1007\" data-end=\"1036\">Siguria dhe pajtueshm\u00ebria<\/strong> jan\u00eb prioritet, me teknologjin\u00eb ActiveShield 3.0 q\u00eb monitoron temperatur\u00ebn mbi <strong data-start=\"1116\" data-end=\"1141\">6 milion her\u00eb n\u00eb dit\u00eb<\/strong>, duke mbrojtur pajisjet tuaja dhe duke siguruar karikim t\u00eb sigurt p\u00ebr nj\u00eb gam\u00eb t\u00eb gjer\u00eb pajisjesh.<\/p>\n","protected":false},"excerpt":{"rendered":"<p><strong data-start=\"75\" data-end=\"103\">Anker Prime Charger 250W<\/strong> \u00ebsht\u00eb nj\u00eb karikues ultra i fuqish\u00ebm me teknologji <strong data-start=\"154\" data-end=\"166\" data-is-only-node=\"\">GaNPrime me<\/strong>\u00a0<strong data-start=\"245\" data-end=\"273\">fuqi totale deri n\u00eb 250W<\/strong>, <strong data-start=\"275\" data-end=\"308\">6 porta (4\u00d7 USB-C + 2\u00d7 USB-A)<\/strong><\/p>\n","protected":false},"featured_media":2107,"comment_status":"open","ping_status":"closed","template":"","meta":[],"product_brand":[83],"product_cat":[71],"product_tag":[],"class_list":{"0":"post-2409","1":"product","2":"type-product","3":"status-publish","4":"has-post-thumbnail","6":"product_brand-anker","7":"product_cat-charger","8":"product_shipping_class-shipping-within-3-days","10":"first","11":"instock","12":"sale","13":"shipping-taxable","14":"purchasable","15":"product-type-simple"},"_links":{"self":[{"href":"https:\/\/backup.blumond.al\/sq\/wp-json\/wp\/v2\/product\/2409","targetHints":{"allow":["GET"]}}],"collection":[{"href":"https:\/\/backup.blumond.al\/sq\/wp-json\/wp\/v2\/product"}],"about":[{"href":"https:\/\/backup.blumond.al\/sq\/wp-json\/wp\/v2\/types\/product"}],"replies":[{"embeddable":true,"href":"https:\/\/backup.blumond.al\/sq\/wp-json\/wp\/v2\/comments?post=2409"}],"wp:featuredmedia":[{"embeddable":true,"href":"https:\/\/backup.blumond.al\/sq\/wp-json\/wp\/v2\/media\/2107"}],"wp:attachment":[{"href":"https:\/\/backup.blumond.al\/sq\/wp-json\/wp\/v2\/media?parent=2409"}],"wp:term":[{"taxonomy":"product_brand","embeddable":true,"href":"https:\/\/backup.blumond.al\/sq\/wp-json\/wp\/v2\/product_brand?post=2409"},{"taxonomy":"product_cat","embeddable":true,"href":"https:\/\/backup.blumond.al\/sq\/wp-json\/wp\/v2\/product_cat?post=2409"},{"taxonomy":"product_tag","embeddable":true,"href":"https:\/\/backup.blumond.al\/sq\/wp-json\/wp\/v2\/product_tag?post=2409"}],"curies":[{"name":"wp","href":"https:\/\/api.w.org\/{rel}","templated":true}]}}