{"id":2408,"date":"2025-12-07T17:59:19","date_gmt":"2025-12-07T17:59:19","guid":{"rendered":"https:\/\/backup.blumond.al\/?post_type=product&#038;p=2408"},"modified":"2026-03-19T09:20:14","modified_gmt":"2026-03-19T09:20:14","slug":"anker-prime-charging-docking-station160w","status":"publish","type":"product","link":"https:\/\/backup.blumond.al\/sq\/product\/anker-prime-charging-docking-station160w\/","title":{"rendered":"Anker Prime Charging Docking Station160W"},"content":{"rendered":"<p><strong data-start=\"256\" data-end=\"296\">Anker Prime Charging Docking Station<\/strong> \u00ebsht\u00eb nj\u00eb zgjidhje e gjithanshme p\u00ebr desktop, q\u00eb sjell <strong data-start=\"352\" data-end=\"415\">t\u00eb gjitha portet dhe funksionet q\u00eb ju nevojiten n\u00eb nj\u00eb vend<\/strong>, duke optimizuar hap\u00ebsir\u00ebn dhe duke rritur produktivitetin. Me <strong data-start=\"479\" data-end=\"491\">14 porte<\/strong>, p\u00ebrfshir\u00eb 4\u00d7 USB-C, 5\u00d7 USB-A, dy porta HDMI, audio dhe Ethernet, kjo docking station ju lejon t\u00eb lidhni laptopin, monitor\u00ebt, pajisjet periferike dhe pajisjet audio nj\u00ebkoh\u00ebsisht.<\/p>\n<p data-start=\"674\" data-end=\"1038\">Dizajni <strong data-start=\"682\" data-end=\"706\">vertikal dhe kompakt<\/strong>, i pajisur me modul GaN AC-DC, kursen hap\u00ebsir\u00eb n\u00eb desktop dhe garanton performanc\u00eb t\u00eb q\u00ebndrueshme. Dy monitor\u00ebt <strong data-start=\"819\" data-end=\"830\">dual 4K<\/strong> ofrojn\u00eb ngjyra t\u00eb gjalla dhe detaje t\u00eb mprehta n\u00eb 60Hz, duke p\u00ebrmir\u00ebsuar pun\u00ebn dhe arg\u00ebtimin. (MacOS nuk mb\u00ebshtet Multi-Stream Transport \u2013 MST, prandaj t\u00eb dy monitor\u00ebt do t\u00eb shfaqin t\u00eb nj\u00ebjtin p\u00ebrmbajtje).<\/p>\n<p data-start=\"1040\" data-end=\"1346\">Docking station \u00ebsht\u00eb <strong data-start=\"1062\" data-end=\"1108\">i sigurt dhe i pajtuesh\u00ebm me shum\u00eb pajisje<\/strong>, duke p\u00ebrfshir\u00eb Windows dhe macOS, dhe laptop\u00eb Dell, Lenovo, iMac dhe MacBook. Sistemi i avancuar i disipacionit t\u00eb nxeht\u00ebsis\u00eb dhe kontrolli i temperatur\u00ebs mbrojn\u00eb pajisjet gjat\u00eb p\u00ebrdorimit intensiv, duke ruajtur performanc\u00ebn optimale.<\/p>\n","protected":false},"excerpt":{"rendered":"<p data-start=\"2150\" data-end=\"2366\">Anker Prime Charging Docking Station 14-in-1, 160W, me dual 4K display, USB-C, USB-A, HDMI, audio dhe Ethernet ofron zgjidhje kompakte dhe t\u00eb fuqishme p\u00ebr desktop, duke optimizuar hap\u00ebsir\u00ebn dhe produktivitetin.<\/p>\n","protected":false},"featured_media":3146,"comment_status":"open","ping_status":"closed","template":"","meta":[],"product_brand":[83],"product_cat":[71],"product_tag":[],"class_list":{"0":"post-2408","1":"product","2":"type-product","3":"status-publish","4":"has-post-thumbnail","6":"product_brand-anker","7":"product_cat-charger","8":"product_shipping_class-shipping-within-3-days","10":"first","11":"instock","12":"shipping-taxable","13":"purchasable","14":"product-type-simple"},"_links":{"self":[{"href":"https:\/\/backup.blumond.al\/sq\/wp-json\/wp\/v2\/product\/2408","targetHints":{"allow":["GET"]}}],"collection":[{"href":"https:\/\/backup.blumond.al\/sq\/wp-json\/wp\/v2\/product"}],"about":[{"href":"https:\/\/backup.blumond.al\/sq\/wp-json\/wp\/v2\/types\/product"}],"replies":[{"embeddable":true,"href":"https:\/\/backup.blumond.al\/sq\/wp-json\/wp\/v2\/comments?post=2408"}],"wp:featuredmedia":[{"embeddable":true,"href":"https:\/\/backup.blumond.al\/sq\/wp-json\/wp\/v2\/media\/3146"}],"wp:attachment":[{"href":"https:\/\/backup.blumond.al\/sq\/wp-json\/wp\/v2\/media?parent=2408"}],"wp:term":[{"taxonomy":"product_brand","embeddable":true,"href":"https:\/\/backup.blumond.al\/sq\/wp-json\/wp\/v2\/product_brand?post=2408"},{"taxonomy":"product_cat","embeddable":true,"href":"https:\/\/backup.blumond.al\/sq\/wp-json\/wp\/v2\/product_cat?post=2408"},{"taxonomy":"product_tag","embeddable":true,"href":"https:\/\/backup.blumond.al\/sq\/wp-json\/wp\/v2\/product_tag?post=2408"}],"curies":[{"name":"wp","href":"https:\/\/api.w.org\/{rel}","templated":true}]}}