{"id":2407,"date":"2025-12-07T17:59:19","date_gmt":"2025-12-07T17:59:19","guid":{"rendered":"https:\/\/backup.blumond.al\/?post_type=product&#038;p=2407"},"modified":"2026-03-19T09:21:19","modified_gmt":"2026-03-19T09:21:19","slug":"anker-nano-charging-station","status":"publish","type":"product","link":"https:\/\/backup.blumond.al\/sq\/product\/anker-nano-charging-station\/","title":{"rendered":"Anker Nano Charging Station"},"content":{"rendered":"<p data-start=\"208\" data-end=\"513\"><strong data-start=\"208\" data-end=\"239\">Anker Nano Charging Station<\/strong> ofron nj\u00eb zgjidhje kompakte dhe t\u00eb fuqishme p\u00ebr desktop, duke lejuar karikimin e shum\u00eb pajisjeve nj\u00ebkoh\u00ebsisht me <strong data-start=\"353\" data-end=\"373\">fuqi totale 100W<\/strong>. Me 7 porte, p\u00ebrfshir\u00eb USB-C dhe USB-A, kjo stacion karikimi eliminon rr\u00ebmuj\u00ebn e kabllove dhe ju ndihmon t\u00eb organizoni hap\u00ebsir\u00ebn e pun\u00ebs.<\/p>\n<p data-start=\"515\" data-end=\"852\"><strong data-start=\"515\" data-end=\"558\">Teknologjia e patentuar Anker InstaCord<\/strong> garanton q\u00eb kabllot t\u00eb jen\u00eb jasht\u00ebzakonisht t\u00eb q\u00ebndrueshme, t\u00eb testuara p\u00ebr <strong data-start=\"635\" data-end=\"674\">18,000 p\u00ebrkulje dhe 18,000 t\u00ebrheqje<\/strong>, nd\u00ebrsa sistemi i avancuar i rrot\u00ebs e b\u00ebn karikimin t\u00eb leht\u00eb dhe t\u00eb rregullt. Kabllot fleksib\u00ebl 2.3 ft mund t\u00eb rregullohen sipas nevoj\u00ebs, duke e b\u00ebr\u00eb karikimin m\u00eb t\u00eb thjesht\u00eb.<\/p>\n<p data-start=\"854\" data-end=\"1117\">Ekrani LCD 1.3&#8243; ofron <strong data-start=\"876\" data-end=\"905\">informacion n\u00eb koh\u00eb reale<\/strong> p\u00ebr fuqin\u00eb e daljes dhe temperatur\u00ebn e produktit, nd\u00ebrsa <strong data-start=\"963\" data-end=\"991\">sistemi ActiveShield 3.0<\/strong> monitoron temperatur\u00ebn mbi 6 milion her\u00eb n\u00eb dit\u00eb dhe aktivizon ftohjen sipas nevoj\u00ebs, duke mbrojtur pajisjet nga mbinxehja.<\/p>\n","protected":false},"excerpt":{"rendered":"<p>Anker Nano Charging Station 7-in-1, 100W me InstaCord dhe LCD inteligjent ofron karikim t\u00eb shpejt\u00eb, t\u00eb sigurt dhe kompakt p\u00ebr shum\u00eb pajisje nj\u00ebkoh\u00ebsisht, duke mbajtur hap\u00ebsir\u00ebn tuaj t\u00eb organizuar.<\/p>\n","protected":false},"featured_media":3140,"comment_status":"open","ping_status":"closed","template":"","meta":[],"product_brand":[83],"product_cat":[71],"product_tag":[],"class_list":{"0":"post-2407","1":"product","2":"type-product","3":"status-publish","4":"has-post-thumbnail","6":"product_brand-anker","7":"product_cat-charger","8":"product_shipping_class-shipping-within-3-days","10":"first","11":"instock","12":"shipping-taxable","13":"purchasable","14":"product-type-simple"},"_links":{"self":[{"href":"https:\/\/backup.blumond.al\/sq\/wp-json\/wp\/v2\/product\/2407","targetHints":{"allow":["GET"]}}],"collection":[{"href":"https:\/\/backup.blumond.al\/sq\/wp-json\/wp\/v2\/product"}],"about":[{"href":"https:\/\/backup.blumond.al\/sq\/wp-json\/wp\/v2\/types\/product"}],"replies":[{"embeddable":true,"href":"https:\/\/backup.blumond.al\/sq\/wp-json\/wp\/v2\/comments?post=2407"}],"wp:featuredmedia":[{"embeddable":true,"href":"https:\/\/backup.blumond.al\/sq\/wp-json\/wp\/v2\/media\/3140"}],"wp:attachment":[{"href":"https:\/\/backup.blumond.al\/sq\/wp-json\/wp\/v2\/media?parent=2407"}],"wp:term":[{"taxonomy":"product_brand","embeddable":true,"href":"https:\/\/backup.blumond.al\/sq\/wp-json\/wp\/v2\/product_brand?post=2407"},{"taxonomy":"product_cat","embeddable":true,"href":"https:\/\/backup.blumond.al\/sq\/wp-json\/wp\/v2\/product_cat?post=2407"},{"taxonomy":"product_tag","embeddable":true,"href":"https:\/\/backup.blumond.al\/sq\/wp-json\/wp\/v2\/product_tag?post=2407"}],"curies":[{"name":"wp","href":"https:\/\/api.w.org\/{rel}","templated":true}]}}