{"id":4065,"date":"2026-01-27T19:31:55","date_gmt":"2026-01-27T19:31:55","guid":{"rendered":"https:\/\/backup.blumond.al\/en\/?page_id=4065"},"modified":"2026-03-03T19:51:13","modified_gmt":"2026-03-03T19:51:13","slug":"cookie-policy","status":"publish","type":"page","link":"https:\/\/backup.blumond.al\/sq\/cookie-policy\/","title":{"rendered":"Kushtet dhe Kushtet"},"content":{"rendered":"\t\t<div data-elementor-type=\"wp-page\" data-elementor-id=\"4065\" class=\"elementor elementor-4065\">\n\t\t\t\t<div class=\"elementor-element elementor-element-09e05dc e-flex e-con-boxed e-con e-parent\" data-id=\"09e05dc\" data-element_type=\"container\" data-e-type=\"container\">\n\t\t\t\t\t<div class=\"e-con-inner\">\n\t\t<div class=\"elementor-element elementor-element-a487cee e-con-full e-flex e-con e-child\" data-id=\"a487cee\" data-element_type=\"container\" data-e-type=\"container\">\n\t\t\t\t<div class=\"elementor-element elementor-element-c6fce3a elementor-widget elementor-widget-heading\" data-id=\"c6fce3a\" data-element_type=\"widget\" data-e-type=\"widget\" data-widget_type=\"heading.default\">\n\t\t\t\t\t<h3 class=\"elementor-heading-title elementor-size-default\">\u00c7far\u00eb jan\u00eb cookies?<\/h3>\t\t\t\t<\/div>\n\t\t\t\t<div class=\"elementor-element elementor-element-f64b28b elementor-widget elementor-widget-text-editor\" data-id=\"f64b28b\" data-element_type=\"widget\" data-e-type=\"widget\" data-widget_type=\"text-editor.default\">\n\t\t\t\t\t\t\t\t\t<p>Kukit\u00eb jan\u00eb skedar\u00eb t\u00eb vegj\u00ebl teksti q\u00eb ruhen n\u00eb pajisjen tuaj (kompjuter, smartphone, tablet) kur vizitoni nj\u00eb faqe interneti. Kukit\u00eb ndihmojn\u00eb faqet e internetit t\u00eb funksionojn\u00eb si\u00e7 duhet, p\u00ebrmir\u00ebsojn\u00eb p\u00ebrvoj\u00ebn e p\u00ebrdoruesit dhe i ofrojn\u00eb informacion pronarit t\u00eb faqes s\u00eb internetit.<\/p>\t\t\t\t\t\t\t\t<\/div>\n\t\t\t\t<\/div>\n\t\t\t\t\t<\/div>\n\t\t\t\t<\/div>\n\t\t<div class=\"elementor-element elementor-element-ce58f2a e-flex e-con-boxed e-con e-parent\" data-id=\"ce58f2a\" data-element_type=\"container\" data-e-type=\"container\">\n\t\t\t\t\t<div class=\"e-con-inner\">\n\t\t<div class=\"elementor-element elementor-element-a2ee724 e-con-full e-flex e-con e-child\" data-id=\"a2ee724\" data-element_type=\"container\" data-e-type=\"container\">\n\t\t\t\t<div class=\"elementor-element elementor-element-323a8cb elementor-widget elementor-widget-heading\" data-id=\"323a8cb\" data-element_type=\"widget\" data-e-type=\"widget\" data-widget_type=\"heading.default\">\n\t\t\t\t\t<h3 class=\"elementor-heading-title elementor-size-default\">Si i p\u00ebrdorim cookies<\/h3>\t\t\t\t<\/div>\n\t\t\t\t<div class=\"elementor-element elementor-element-5254f3c elementor-widget elementor-widget-text-editor\" data-id=\"5254f3c\" data-element_type=\"widget\" data-e-type=\"widget\" data-widget_type=\"text-editor.default\">\n\t\t\t\t\t\t\t\t\t<p>N\u00eb blumond.al, ne p\u00ebrdorim cookie-t p\u00ebr t\u00eb:<\/p><p>Siguruar q\u00eb faqja e internetit funksionon si\u00e7 duhet<\/p><p>Kujtuar preferencat tuaja (si\u00e7 jan\u00eb cil\u00ebsimet e hyrjes ose gjuh\u00ebs)<\/p><p>P\u00ebrmir\u00ebsuar performanc\u00ebn e faqes s\u00eb internetit dhe p\u00ebrvoj\u00ebn e p\u00ebrdoruesit<\/p><p>Ndihmuar n\u00eb mbrojtjen e faqes s\u00eb internetit dhe parandalimin e mashtrimeve<\/p><p>Ne nuk p\u00ebrdorim cookie-t p\u00ebr t\u00eb shitur ose keqp\u00ebrdorur t\u00eb dh\u00ebnat tuaja personale.<\/p>\t\t\t\t\t\t\t\t<\/div>\n\t\t\t\t<\/div>\n\t\t\t\t\t<\/div>\n\t\t\t\t<\/div>\n\t\t<div class=\"elementor-element elementor-element-457e122 e-flex e-con-boxed e-con e-parent\" data-id=\"457e122\" data-element_type=\"container\" data-e-type=\"container\">\n\t\t\t\t\t<div class=\"e-con-inner\">\n\t\t<div class=\"elementor-element elementor-element-59e7510 e-con-full e-flex e-con e-child\" data-id=\"59e7510\" data-element_type=\"container\" data-e-type=\"container\">\n\t\t\t\t<div class=\"elementor-element elementor-element-632680f elementor-widget elementor-widget-heading\" data-id=\"632680f\" data-element_type=\"widget\" data-e-type=\"widget\" data-widget_type=\"heading.default\">\n\t\t\t\t\t<h3 class=\"elementor-heading-title elementor-size-default\">Llojet e cookie-ve q\u00eb p\u00ebrdorim<\/h3>\t\t\t\t<\/div>\n\t\t\t\t<div class=\"elementor-element elementor-element-be27570 elementor-widget elementor-widget-text-editor\" data-id=\"be27570\" data-element_type=\"widget\" data-e-type=\"widget\" data-widget_type=\"text-editor.default\">\n\t\t\t\t\t\t\t\t\t<p>Cookie thelb\u00ebsore<\/p><p>K\u00ebto cookie jan\u00eb t\u00eb nevojshme q\u00eb faqja e internetit t\u00eb funksionoj\u00eb dhe nuk mund t\u00eb \u00e7aktivizohen. Ato p\u00ebrfshijn\u00eb kuki q\u00eb ju lejojn\u00eb t\u00eb:<\/p><p>P\u00ebrdorni ve\u00e7orit\u00eb e shport\u00ebs s\u00eb blerjeve<\/p><p>Hyni n\u00eb zonat e sigurta t\u00eb faqes s\u00eb internetit<\/p><p>P\u00ebrfundoni porosit\u00eb dhe pagesat<\/p><p>Pa k\u00ebto kuki, faqja e internetit mund t\u00eb mos funksionoj\u00eb si\u00e7 duhet.<\/p><p><strong>Cookie funksionale<\/strong><\/p><p>K\u00ebto cookie lejojn\u00eb q\u00eb faqja e internetit t\u00eb kujtoj\u00eb zgjedhjet q\u00eb b\u00ebni, t\u00eb tilla si:<\/p><p>Ruajtja e detajeve t\u00eb hyrjes<\/p><p>Kujtimi i preferencave<\/p><p>Funksionaliteti i list\u00ebs s\u00eb d\u00ebshirave<\/p><p>Ato p\u00ebrmir\u00ebsojn\u00eb p\u00ebrdorshm\u00ebrin\u00eb, por nuk jan\u00eb absolutisht t\u00eb nevojshme.<\/p>\t\t\t\t\t\t\t\t<\/div>\n\t\t\t\t<\/div>\n\t\t\t\t\t<\/div>\n\t\t\t\t<\/div>\n\t\t<div class=\"elementor-element elementor-element-caf66c1 e-flex e-con-boxed e-con e-parent\" data-id=\"caf66c1\" data-element_type=\"container\" data-e-type=\"container\">\n\t\t\t\t\t<div class=\"e-con-inner\">\n\t\t<div class=\"elementor-element elementor-element-c5192fb e-con-full e-flex e-con e-child\" data-id=\"c5192fb\" data-element_type=\"container\" data-e-type=\"container\">\n\t\t\t\t<div class=\"elementor-element elementor-element-2f4f26a elementor-widget elementor-widget-heading\" data-id=\"2f4f26a\" data-element_type=\"widget\" data-e-type=\"widget\" data-widget_type=\"heading.default\">\n\t\t\t\t\t<h3 class=\"elementor-heading-title elementor-size-default\">Cookie e pal\u00ebve t\u00eb treta<\/h3>\t\t\t\t<\/div>\n\t\t\t\t<div class=\"elementor-element elementor-element-cd750f3 elementor-widget elementor-widget-text-editor\" data-id=\"cd750f3\" data-element_type=\"widget\" data-e-type=\"widget\" data-widget_type=\"text-editor.default\">\n\t\t\t\t\t\t\t\t\t<p>Disa p\u00ebrmbajtje n\u00eb faqen ton\u00eb t\u00eb internetit mund t\u00eb vijn\u00eb nga sh\u00ebrbime t\u00eb pal\u00ebve t\u00eb treta (si\u00e7 jan\u00eb videot e integruara ose mediat sociale). K\u00ebto pal\u00eb t\u00eb treta mund t\u00eb vendosin cookie n\u00eb pajisjen tuaj sipas politikave t\u00eb tyre t\u00eb privat\u00ebsis\u00eb.<\/p>\t\t\t\t\t\t\t\t<\/div>\n\t\t\t\t<\/div>\n\t\t\t\t\t<\/div>\n\t\t\t\t<\/div>\n\t\t<div class=\"elementor-element elementor-element-efba5bd e-flex e-con-boxed e-con e-parent\" data-id=\"efba5bd\" data-element_type=\"container\" data-e-type=\"container\">\n\t\t\t\t\t<div class=\"e-con-inner\">\n\t\t<div class=\"elementor-element elementor-element-a79c1c1 e-con-full e-flex e-con e-child\" data-id=\"a79c1c1\" data-element_type=\"container\" data-e-type=\"container\">\n\t\t\t\t<div class=\"elementor-element elementor-element-7aa5ef7 elementor-widget elementor-widget-heading\" data-id=\"7aa5ef7\" data-element_type=\"widget\" data-e-type=\"widget\" data-widget_type=\"heading.default\">\n\t\t\t\t\t<h3 class=\"elementor-heading-title elementor-size-default\">P\u00eblqimi p\u00ebr cookie-t<\/h3>\t\t\t\t<\/div>\n\t\t\t\t<div class=\"elementor-element elementor-element-46e98d1 elementor-widget elementor-widget-text-editor\" data-id=\"46e98d1\" data-element_type=\"widget\" data-e-type=\"widget\" data-widget_type=\"text-editor.default\">\n\t\t\t\t\t\t\t\t\t<p>Kur vizitoni blumond.al p\u00ebr her\u00eb t\u00eb par\u00eb, do t\u00eb shihni nj\u00eb banderol\u00eb p\u00eblqimi p\u00ebr cookie-t.<br \/>Mund t\u00eb zgjidhni t\u00eb:<\/p><p>Pranoni t\u00eb gjitha cookie-t<\/p><p>Refuzoni cookie-t jo-thelb\u00ebsore<\/p><p>Menaxhoni preferencat tuaja p\u00ebr cookie-t<\/p><p>P\u00eblqimi juaj mund t\u00eb ndryshohet ose t\u00eb t\u00ebrhiqet n\u00eb \u00e7do koh\u00eb.<\/p>\t\t\t\t\t\t\t\t<\/div>\n\t\t\t\t<\/div>\n\t\t\t\t\t<\/div>\n\t\t\t\t<\/div>\n\t\t<div class=\"elementor-element elementor-element-ff1fe7a e-flex e-con-boxed e-con e-parent\" data-id=\"ff1fe7a\" data-element_type=\"container\" data-e-type=\"container\">\n\t\t\t\t\t<div class=\"e-con-inner\">\n\t\t<div class=\"elementor-element elementor-element-1456a20 e-con-full e-flex e-con e-child\" data-id=\"1456a20\" data-element_type=\"container\" data-e-type=\"container\">\n\t\t\t\t<div class=\"elementor-element elementor-element-5588777 elementor-widget elementor-widget-heading\" data-id=\"5588777\" data-element_type=\"widget\" data-e-type=\"widget\" data-widget_type=\"heading.default\">\n\t\t\t\t\t<h3 class=\"elementor-heading-title elementor-size-default\">Si t\u00eb menaxhoni ose \u00e7aktivizoni cookie-t<\/h3>\t\t\t\t<\/div>\n\t\t\t\t<div class=\"elementor-element elementor-element-29349f6 elementor-widget elementor-widget-text-editor\" data-id=\"29349f6\" data-element_type=\"widget\" data-e-type=\"widget\" data-widget_type=\"text-editor.default\">\n\t\t\t\t\t\t\t\t\t<p>Ju mund t\u00eb menaxhoni ose \u00e7aktivizoni cookie-t p\u00ebrmes cil\u00ebsimeve t\u00eb shfletuesit tuaj. Ju lutemi vini re se \u00e7aktivizimi i cookie-ve thelb\u00ebsore mund t\u00eb ndikoj\u00eb n\u00eb funksionalitetin e faqes s\u00eb internetit.<\/p><p>Shfletuesit e zakonsh\u00ebm ju lejojn\u00eb t\u00eb:<\/p><p>Shikoni cookie-t e ruajtura<\/p><p>Fshini cookie-t<\/p><p>Bllokoni plot\u00ebsisht cookie-t<\/p><p>Kontrolloni seksionin e ndihm\u00ebs s\u00eb shfletuesit tuaj p\u00ebr udh\u00ebzime.<\/p><p>Mbrojtja e t\u00eb dh\u00ebnave dhe t\u00eb drejtat tuaja<\/p><p>Cookie-t q\u00eb mbledhin t\u00eb dh\u00ebna personale trajtohen n\u00eb p\u00ebrputhje me:<\/p><p>Ligjin Shqiptar Nr. 9887 p\u00ebr Mbrojtjen e t\u00eb Dh\u00ebnave Personale<\/p>\t\t\t\t\t\t\t\t<\/div>\n\t\t\t\t<\/div>\n\t\t\t\t\t<\/div>\n\t\t\t\t<\/div>\n\t\t<div class=\"elementor-element elementor-element-147e111 e-flex e-con-boxed e-con e-parent\" data-id=\"147e111\" data-element_type=\"container\" data-e-type=\"container\">\n\t\t\t\t\t<div class=\"e-con-inner\">\n\t\t<div class=\"elementor-element elementor-element-b1ff67a e-con-full e-flex e-con e-child\" data-id=\"b1ff67a\" data-element_type=\"container\" data-e-type=\"container\">\n\t\t\t\t<div class=\"elementor-element elementor-element-fd03a6c elementor-widget elementor-widget-heading\" data-id=\"fd03a6c\" data-element_type=\"widget\" data-e-type=\"widget\" data-widget_type=\"heading.default\">\n\t\t\t\t\t<h3 class=\"elementor-heading-title elementor-size-default\">Rregullorja e P\u00ebrgjithshme e BE-s\u00eb p\u00ebr Mbrojtjen e t\u00eb Dh\u00ebnave (GDPR)<\/h3>\t\t\t\t<\/div>\n\t\t\t\t<div class=\"elementor-element elementor-element-60fcffc elementor-widget elementor-widget-text-editor\" data-id=\"60fcffc\" data-element_type=\"widget\" data-e-type=\"widget\" data-widget_type=\"text-editor.default\">\n\t\t\t\t\t\t\t\t\t<p>P\u00ebr m\u00eb shum\u00eb informacion se si i trajtojm\u00eb t\u00eb dh\u00ebnat tuaja personale, ju lutemi rishikoni Politik\u00ebn ton\u00eb t\u00eb Privat\u00ebsis\u00eb.<\/p>\t\t\t\t\t\t\t\t<\/div>\n\t\t\t\t<\/div>\n\t\t\t\t\t<\/div>\n\t\t\t\t<\/div>\n\t\t<div class=\"elementor-element elementor-element-5f4437e e-flex e-con-boxed e-con e-parent\" data-id=\"5f4437e\" data-element_type=\"container\" data-e-type=\"container\">\n\t\t\t\t\t<div class=\"e-con-inner\">\n\t\t<div class=\"elementor-element elementor-element-ab34105 e-con-full e-flex e-con e-child\" data-id=\"ab34105\" data-element_type=\"container\" data-e-type=\"container\">\n\t\t\t\t<div class=\"elementor-element elementor-element-f3e819c elementor-widget elementor-widget-heading\" data-id=\"f3e819c\" data-element_type=\"widget\" data-e-type=\"widget\" data-widget_type=\"heading.default\">\n\t\t\t\t\t<h3 class=\"elementor-heading-title elementor-size-default\">Ndryshime n\u00eb k\u00ebt\u00eb Politik\u00eb t\u00eb Cookie-ve<\/h3>\t\t\t\t<\/div>\n\t\t\t\t<div class=\"elementor-element elementor-element-7b7f935 elementor-widget elementor-widget-text-editor\" data-id=\"7b7f935\" data-element_type=\"widget\" data-e-type=\"widget\" data-widget_type=\"text-editor.default\">\n\t\t\t\t\t\t\t\t\t<p>Ne mund ta p\u00ebrdit\u00ebsojm\u00eb k\u00ebt\u00eb Politik\u00eb t\u00eb Cookie-ve her\u00eb pas here. \u00c7do ndryshim do t\u00eb postohet n\u00eb k\u00ebt\u00eb faqe dhe do t\u00eb hyj\u00eb n\u00eb fuqi menj\u00ebher\u00eb pas publikimit.<\/p>\t\t\t\t\t\t\t\t<\/div>\n\t\t\t\t<\/div>\n\t\t\t\t\t<\/div>\n\t\t\t\t<\/div>\n\t\t<div class=\"elementor-element elementor-element-6dcd633 e-flex e-con-boxed e-con e-parent\" data-id=\"6dcd633\" data-element_type=\"container\" data-e-type=\"container\">\n\t\t\t\t\t<div class=\"e-con-inner\">\n\t\t<div class=\"elementor-element elementor-element-7ff48b2 e-con-full e-flex e-con e-child\" data-id=\"7ff48b2\" data-element_type=\"container\" data-e-type=\"container\">\n\t\t\t\t<div class=\"elementor-element elementor-element-25f24dd elementor-widget elementor-widget-heading\" data-id=\"25f24dd\" data-element_type=\"widget\" data-e-type=\"widget\" data-widget_type=\"heading.default\">\n\t\t\t\t\t<h3 class=\"elementor-heading-title elementor-size-default\">Kontakti<\/h3>\t\t\t\t<\/div>\n\t\t\t\t<div class=\"elementor-element elementor-element-771d43a elementor-widget elementor-widget-text-editor\" data-id=\"771d43a\" data-element_type=\"widget\" data-e-type=\"widget\" data-widget_type=\"text-editor.default\">\n\t\t\t\t\t\t\t\t\t<p>N\u00ebse keni ndonj\u00eb pyetje n\u00eb lidhje me p\u00ebrdorimin ton\u00eb t\u00eb cookie-ve ose k\u00ebt\u00eb Politik\u00eb t\u00eb Cookie-ve, ju lutemi na kontaktoni n\u00eb:<\/p><p>Email: info@backup.blumond.al<\/p>\t\t\t\t\t\t\t\t<\/div>\n\t\t\t\t<\/div>\n\t\t\t\t\t<\/div>\n\t\t\t\t<\/div>\n\t\t\t\t<\/div>\n\t\t","protected":false},"excerpt":{"rendered":"<p>\u00c7far\u00eb jan\u00eb cookies? Kukit\u00eb jan\u00eb skedar\u00eb t\u00eb vegj\u00ebl teksti q\u00eb ruhen n\u00eb pajisjen tuaj (kompjuter, smartphone, tablet) kur vizitoni nj\u00eb faqe interneti. Kukit\u00eb ndihmojn\u00eb faqet e internetit t\u00eb funksionojn\u00eb si\u00e7 duhet, p\u00ebrmir\u00ebsojn\u00eb p\u00ebrvoj\u00ebn e p\u00ebrdoruesit dhe i ofrojn\u00eb informacion pronarit t\u00eb faqes s\u00eb internetit. Si i p\u00ebrdorim cookies N\u00eb blumond.al, ne p\u00ebrdorim cookie-t p\u00ebr t\u00eb:<\/p>\n<div class=\"klb-readmore post-buttons\"><a class=\"btn btn-black btn-rounded\" href=\"https:\/\/backup.blumond.al\/sq\/cookie-policy\/\">Read More <i class=\"klbth-icon-right-arrow\"><\/i><\/a><\/div>\n","protected":false},"author":1,"featured_media":0,"parent":0,"menu_order":0,"comment_status":"closed","ping_status":"closed","template":"","meta":{"footnotes":""},"class_list":["post-4065","page","type-page","status-publish","hentry"],"_links":{"self":[{"href":"https:\/\/backup.blumond.al\/sq\/wp-json\/wp\/v2\/pages\/4065","targetHints":{"allow":["GET"]}}],"collection":[{"href":"https:\/\/backup.blumond.al\/sq\/wp-json\/wp\/v2\/pages"}],"about":[{"href":"https:\/\/backup.blumond.al\/sq\/wp-json\/wp\/v2\/types\/page"}],"author":[{"embeddable":true,"href":"https:\/\/backup.blumond.al\/sq\/wp-json\/wp\/v2\/users\/1"}],"replies":[{"embeddable":true,"href":"https:\/\/backup.blumond.al\/sq\/wp-json\/wp\/v2\/comments?post=4065"}],"version-history":[{"count":7,"href":"https:\/\/backup.blumond.al\/sq\/wp-json\/wp\/v2\/pages\/4065\/revisions"}],"predecessor-version":[{"id":5405,"href":"https:\/\/backup.blumond.al\/sq\/wp-json\/wp\/v2\/pages\/4065\/revisions\/5405"}],"wp:attachment":[{"href":"https:\/\/backup.blumond.al\/sq\/wp-json\/wp\/v2\/media?parent=4065"}],"curies":[{"name":"wp","href":"https:\/\/api.w.org\/{rel}","templated":true}]}}