{"id":7080,"date":"2026-03-23T15:49:45","date_gmt":"2026-03-23T15:49:45","guid":{"rendered":"https:\/\/backup.blumond.al\/?post_type=product&#038;p=7080"},"modified":"2026-03-23T15:55:46","modified_gmt":"2026-03-23T15:55:46","slug":"anker-maggo-wireless-charging-station-foldable-3-in-1","status":"publish","type":"product","link":"https:\/\/backup.blumond.al\/en\/product\/anker-maggo-wireless-charging-station-foldable-3-in-1\/","title":{"rendered":"Anker MagGo Wireless Charging Station (Foldable 3-in-1)"},"content":{"rendered":"<p data-start=\"88\" data-end=\"521\"><strong data-start=\"88\" data-end=\"147\">Anker MagGo Wireless Charging Station (Foldable 3-in-1)<\/strong> \u00ebsht\u00eb zgjidhja perfekte p\u00ebr p\u00ebrdoruesit e pajisjeve Apple q\u00eb k\u00ebrkojn\u00eb karikim t\u00eb shpejt\u00eb, efikas dhe t\u00eb organizuar n\u00eb nj\u00eb pajisje t\u00eb vetme kompakte. Me teknologjin\u00eb e avancuar <strong data-start=\"324\" data-end=\"331\">Qi2<\/strong> dhe p\u00ebrputhshm\u00ebri t\u00eb plot\u00eb me <strong data-start=\"362\" data-end=\"373\">MagSafe<\/strong>, kjo stacion karikimi ofron <strong data-start=\"402\" data-end=\"442\">karikim ultra t\u00eb shpejt\u00eb deri n\u00eb 15W<\/strong>, duke garantuar performanc\u00eb t\u00eb lart\u00eb dhe stabilitet maksimal gjat\u00eb p\u00ebrdorimit.<\/p>\n<p data-start=\"523\" data-end=\"799\">Dizajni i tij <strong data-start=\"537\" data-end=\"570\">ultra-kompakt dhe i palossh\u00ebm<\/strong> e b\u00ebn ideal p\u00ebr p\u00ebrdorim t\u00eb p\u00ebrditsh\u00ebm dhe p\u00ebr udh\u00ebtime. Me nj\u00eb pesh\u00eb prej vet\u00ebm <strong data-start=\"652\" data-end=\"667\">195.6 gram\u00eb<\/strong>, ai \u00ebsht\u00eb pothuajse sa nj\u00eb kuvert\u00eb letrash kur \u00ebsht\u00eb i palosur, duke kursyer hap\u00ebsir\u00eb dhe duke e b\u00ebr\u00eb shum\u00eb t\u00eb leht\u00eb p\u00ebr transport.<\/p>\n<p data-start=\"801\" data-end=\"1165\">Fal\u00eb certifikimit <strong data-start=\"819\" data-end=\"849\">MFW (Made for Apple Watch)<\/strong>, you can charge <strong data-start=\"868\" data-end=\"892\">Apple Watch Series 9<\/strong> deri n\u00eb <strong data-start=\"901\" data-end=\"928\">47% p\u00ebr vet\u00ebm 30 minuta<\/strong>, nj\u00eb avantazh i madh krahasuar me karikuesit jo t\u00eb certifikuar. Ky stacion 3-n\u00eb-1 ju lejon t\u00eb karikoni nj\u00ebkoh\u00ebsisht <strong data-start=\"1045\" data-end=\"1055\">iPhone<\/strong>, <strong data-start=\"1057\" data-end=\"1068\">AirPods<\/strong> AND <strong data-start=\"1073\" data-end=\"1088\">Apple Watch<\/strong>, duke eliminuar rr\u00ebmuj\u00ebn e kabllove dhe duke rritur komoditetin n\u00eb p\u00ebrdorim.<\/p>","protected":false},"excerpt":{"rendered":"<p data-start=\"1611\" data-end=\"1909\"><strong data-start=\"1611\" data-end=\"1670\">Anker MagGo 3-in-1 Wireless Charging Station (Foldable)<\/strong> \u2013 Karikues i avancuar me <strong data-start=\"1696\" data-end=\"1717\">15W fast charging<\/strong>, kompatib\u00ebl me <strong data-start=\"1733\" data-end=\"1744\">MagSafe<\/strong> AND <strong data-start=\"1749\" data-end=\"1756\">Qi2<\/strong>. Karikon nj\u00ebkoh\u00ebsisht iPhone, AirPods dhe Apple Watch, me dizajn kompakt, t\u00eb palossh\u00ebm dhe ideal p\u00ebr udh\u00ebtime. P\u00ebrfshin karikues 40W dhe kab\u00ebll USB-C.<\/p>","protected":false},"featured_media":7089,"comment_status":"open","ping_status":"closed","template":"","meta":[],"product_brand":[83],"product_cat":[71,110],"product_tag":[],"class_list":{"0":"post-7080","1":"product","2":"type-product","3":"status-publish","4":"has-post-thumbnail","6":"product_brand-anker","7":"product_cat-charger","8":"product_cat-wireless-charger","10":"first","11":"instock","12":"shipping-taxable","13":"purchasable","14":"product-type-simple"},"_links":{"self":[{"href":"https:\/\/backup.blumond.al\/en\/wp-json\/wp\/v2\/product\/7080","targetHints":{"allow":["GET"]}}],"collection":[{"href":"https:\/\/backup.blumond.al\/en\/wp-json\/wp\/v2\/product"}],"about":[{"href":"https:\/\/backup.blumond.al\/en\/wp-json\/wp\/v2\/types\/product"}],"replies":[{"embeddable":true,"href":"https:\/\/backup.blumond.al\/en\/wp-json\/wp\/v2\/comments?post=7080"}],"wp:featuredmedia":[{"embeddable":true,"href":"https:\/\/backup.blumond.al\/en\/wp-json\/wp\/v2\/media\/7089"}],"wp:attachment":[{"href":"https:\/\/backup.blumond.al\/en\/wp-json\/wp\/v2\/media?parent=7080"}],"wp:term":[{"taxonomy":"product_brand","embeddable":true,"href":"https:\/\/backup.blumond.al\/en\/wp-json\/wp\/v2\/product_brand?post=7080"},{"taxonomy":"product_cat","embeddable":true,"href":"https:\/\/backup.blumond.al\/en\/wp-json\/wp\/v2\/product_cat?post=7080"},{"taxonomy":"product_tag","embeddable":true,"href":"https:\/\/backup.blumond.al\/en\/wp-json\/wp\/v2\/product_tag?post=7080"}],"curies":[{"name":"wp","href":"https:\/\/api.w.org\/{rel}","templated":true}]}}