{"id":7048,"date":"2026-03-23T12:25:44","date_gmt":"2026-03-23T12:25:44","guid":{"rendered":"https:\/\/backup.blumond.al\/?post_type=product&#038;p=7048"},"modified":"2026-03-23T13:07:33","modified_gmt":"2026-03-23T13:07:33","slug":"ugreen-3-5mm-earphones-plung","status":"publish","type":"product","link":"https:\/\/backup.blumond.al\/en\/product\/ugreen-3-5mm-earphones-plung\/","title":{"rendered":"UGREEN 3.5mm Earphones Plung"},"content":{"rendered":"<p data-start=\"33\" data-end=\"393\"><strong data-start=\"33\" data-end=\"96\"><span class=\"hover:entity-accent entity-underline inline cursor-pointer align-baseline\"><span class=\"whitespace-normal\">UGREEN<\/span><\/span> 3.5mm Earphones<\/strong> are classic wired headphones that offer <strong data-start=\"137\" data-end=\"162\">high audio quality<\/strong>, comfort and ease of use for any situation. Thanks to the design <strong data-start=\"227\" data-end=\"258\">noise-isolating in-ear<\/strong>, they reduce ambient noise and minimize sound leakage, allowing you to enjoy music with clarity and deep bass.<\/p>\n<p data-start=\"395\" data-end=\"655\">Equipped with <strong data-start=\"410\" data-end=\"435\">10mm neodymium driver<\/strong>, these headphones offer <strong data-start=\"456\" data-end=\"471\">Hi-Fi sound<\/strong> with balanced sound and stable performance, reducing quality loss and delays during listening. They are ideal for music, video, gaming and everyday use.<\/p>\n<p data-start=\"657\" data-end=\"924\">The headphones include a <strong data-start=\"679\" data-end=\"717\">integrated multifunction button<\/strong>, which allows you to easily control music and calls: play\/pause, skip songs, answer and end calls. <strong data-start=\"846\" data-end=\"871\">Built-in microphone<\/strong> provides clear communication and hands-free convenience.<\/p>\n<p data-start=\"926\" data-end=\"1149\">Ergonomic design with <strong data-start=\"947\" data-end=\"999\">silicone ear tips in different sizes (S\/M\/L)<\/strong> ensures perfect fit and comfort even during long use. They are suitable for activities such as running, gym or use on the go.<\/p>\n<p data-start=\"1151\" data-end=\"1376\">Thanks to universal connection <strong data-start=\"1175\" data-end=\"1189\">3.5mm jack<\/strong>, these headphones are compatible with a very wide range of devices, including smartphones, laptops, tablets, MP3\/MP4 players, consoles like PS4\/PS5, and other devices with a 3.5mm audio port.<\/p>","protected":false},"excerpt":{"rendered":"<div class=\"flex flex-col text-sm pb-25\">\n<section class=\"text-token-text-primary w-full focus:outline-none [--shadow-height:45px] has-data-writing-block:pointer-events-none has-data-writing-block:-mt-(--shadow-height) has-data-writing-block:pt-(--shadow-height) [&amp;:has([data-writing-block])&gt;*]:pointer-events-auto scroll-mt-[calc(var(--header-height)+min(200px,max(70px,20svh)))]\" dir=\"auto\" data-turn-id=\"request-699ed87e-d8bc-8387-af17-be4d92a70005-8\" data-testid=\"conversation-turn-144\" data-scroll-anchor=\"true\" data-turn=\"assistant\">\n<div class=\"text-base my-auto mx-auto pb-10 [--thread-content-margin:var(--thread-content-margin-xs,calc(var(--spacing)*4))] @w-sm\/main:[--thread-content-margin:var(--thread-content-margin-sm,calc(var(--spacing)*6))] @w-lg\/main:[--thread-content-margin:var(--thread-content-margin-lg,calc(var(--spacing)*16))] px-(--thread-content-margin)\">\n<div class=\"[--thread-content-max-width:40rem] @w-lg\/main:[--thread-content-max-width:48rem] mx-auto max-w-(--thread-content-max-width) flex-1 group\/turn-messages focus-visible:outline-hidden relative flex w-full min-w-0 flex-col agent-turn\">\n<div class=\"flex max-w-full flex-col gap-4 grow\">\n<div class=\"min-h-8 text-message relative flex w-full flex-col items-end gap-2 text-start break-words whitespace-normal outline-none keyboard-focused:focus-ring [.text-message+&amp;]:mt-1\" dir=\"auto\" tabindex=\"0\" data-message-author-role=\"assistant\" data-message-id=\"b93be31c-585d-41ae-b931-8a52cc275cda\" data-message-model-slug=\"gpt-5-3\" data-turn-start-message=\"true\">\n<div class=\"flex w-full flex-col gap-1 empty:hidden\">\n<div class=\"markdown prose dark:prose-invert w-full wrap-break-word light markdown-new-styling\">\n<p data-start=\"1409\" data-end=\"1677\" data-is-last-node=\"\" data-is-only-node=\"\"><strong data-start=\"1409\" data-end=\"1472\"><span class=\"hover:entity-accent entity-underline inline cursor-pointer align-baseline\"><span class=\"whitespace-normal\">UGREEN<\/span><\/span> 3.5mm Wired Earphones<\/strong> ofrojn\u00eb <strong data-start=\"1481\" data-end=\"1511\">Hi-Fi sound me driver 10mm<\/strong>, izolim t\u00eb zhurm\u00ebs dhe <strong data-start=\"1535\" data-end=\"1575\">mikrofon me kontroll multifunksional<\/strong>. Me dizajn ergonomik dhe kompatibilitet universal 3.5mm, jan\u00eb ideale p\u00ebr p\u00ebrdorim t\u00eb p\u00ebrditsh\u00ebm.<\/p>\n<\/div>\n<\/div>\n<\/div>\n<\/div>\n<div class=\"z-0 flex min-h-[46px] justify-start\"><\/div>\n<div class=\"mt-3 w-full empty:hidden\">\n<div class=\"text-center\"><\/div>\n<\/div>\n<\/div>\n<\/div>\n<\/section>\n<\/div>\n<div class=\"pointer-events-none h-px w-px absolute bottom-0\" aria-hidden=\"true\" data-edge=\"true\"><\/div>\n","protected":false},"featured_media":7052,"comment_status":"open","ping_status":"closed","template":"","meta":[],"product_brand":[280],"product_cat":[72],"product_tag":[],"class_list":{"0":"post-7048","1":"product","2":"type-product","3":"status-publish","4":"has-post-thumbnail","6":"product_brand-ugreen","7":"product_cat-headphones","9":"first","10":"instock","11":"shipping-taxable","12":"purchasable","13":"product-type-simple"},"_links":{"self":[{"href":"https:\/\/backup.blumond.al\/en\/wp-json\/wp\/v2\/product\/7048","targetHints":{"allow":["GET"]}}],"collection":[{"href":"https:\/\/backup.blumond.al\/en\/wp-json\/wp\/v2\/product"}],"about":[{"href":"https:\/\/backup.blumond.al\/en\/wp-json\/wp\/v2\/types\/product"}],"replies":[{"embeddable":true,"href":"https:\/\/backup.blumond.al\/en\/wp-json\/wp\/v2\/comments?post=7048"}],"wp:featuredmedia":[{"embeddable":true,"href":"https:\/\/backup.blumond.al\/en\/wp-json\/wp\/v2\/media\/7052"}],"wp:attachment":[{"href":"https:\/\/backup.blumond.al\/en\/wp-json\/wp\/v2\/media?parent=7048"}],"wp:term":[{"taxonomy":"product_brand","embeddable":true,"href":"https:\/\/backup.blumond.al\/en\/wp-json\/wp\/v2\/product_brand?post=7048"},{"taxonomy":"product_cat","embeddable":true,"href":"https:\/\/backup.blumond.al\/en\/wp-json\/wp\/v2\/product_cat?post=7048"},{"taxonomy":"product_tag","embeddable":true,"href":"https:\/\/backup.blumond.al\/en\/wp-json\/wp\/v2\/product_tag?post=7048"}],"curies":[{"name":"wp","href":"https:\/\/api.w.org\/{rel}","templated":true}]}}