{"id":7023,"date":"2026-03-23T11:25:06","date_gmt":"2026-03-23T11:25:06","guid":{"rendered":"https:\/\/backup.blumond.al\/?post_type=product&#038;p=7023"},"modified":"2026-03-23T11:25:24","modified_gmt":"2026-03-23T11:25:24","slug":"7023","status":"publish","type":"product","link":"https:\/\/backup.blumond.al\/en\/product\/7023\/","title":{"rendered":"UGREEN 20000mAh PD 20W Power Bank"},"content":{"rendered":"<p data-start=\"33\" data-end=\"386\"><strong data-start=\"33\" data-end=\"101\"><span class=\"hover:entity-accent entity-underline inline cursor-pointer align-baseline\"><span class=\"whitespace-normal\">UGREEN<\/span><\/span> 20000mAh PD 20W Power Bank<\/strong> \u00ebsht\u00eb nj\u00eb bateri portative e fuqishme dhe e besueshme, e projektuar p\u00ebr t\u00eb mbajtur pajisjet tuaja t\u00eb karikuara gjat\u00eb gjith\u00eb dit\u00ebs. Me kapacitet t\u00eb madh <strong data-start=\"254\" data-end=\"267\">20,000mAh<\/strong>, ajo mund t\u00eb ofroj\u00eb disa karikime p\u00ebr smartphone-in tuaj, duke e b\u00ebr\u00eb ideale p\u00ebr udh\u00ebtime, pun\u00eb apo p\u00ebrdorim intensiv.<\/p>\n<p data-start=\"388\" data-end=\"634\">Thanks to technology <strong data-start=\"406\" data-end=\"430\">PD 20W Fast Charging<\/strong>, kjo power bank mund t\u00eb karikoj\u00eb pajisje si iPhone deri n\u00eb nj\u00eb nivel t\u00eb lart\u00eb shum\u00eb shpejt\u2014deri n\u00eb rreth <strong data-start=\"536\" data-end=\"566\">50\u201360% p\u00ebr vet\u00ebm 30 minuta<\/strong>, duke ju kursyer koh\u00eb dhe duke rritur efikasitetin n\u00eb p\u00ebrditshm\u00ebri.<\/p>\n<p data-start=\"636\" data-end=\"948\">P\u00ebr fleksibilitet maksimal, pajisja \u00ebsht\u00eb e pajisur me porta <strong data-start=\"697\" data-end=\"732\">USB-C dhe USB-A (deri n\u00eb 22.5W)<\/strong>, duke ju lejuar t\u00eb karikoni nj\u00ebkoh\u00ebsisht pajisje t\u00eb ndryshme si smartphone, tablet apo aksesor\u00eb t\u00eb tjer\u00eb. \u00cbsht\u00eb e p\u00ebrputhshme me nj\u00eb gam\u00eb t\u00eb gjer\u00eb pajisjesh, duke p\u00ebrfshir\u00eb iPhone, iPad dhe marka t\u00eb tjera si Xiaomi.<\/p>\n<p data-start=\"950\" data-end=\"1311\">Nd\u00ebrtimi me <strong data-start=\"962\" data-end=\"980\">korpus metalik<\/strong> i jep nj\u00eb ndjesi premium dhe rezistenc\u00eb t\u00eb lart\u00eb ndaj konsumimit, nd\u00ebrsa dizajni portativ e b\u00ebn t\u00eb leht\u00eb p\u00ebr t\u2019u mbajtur me vete kudo. P\u00ebr m\u00eb tep\u00ebr, pajisja \u00ebsht\u00eb e pajisur me <strong data-start=\"1157\" data-end=\"1189\">sisteme inteligjente sigurie<\/strong>, t\u00eb certifikuara sipas standardeve nd\u00ebrkomb\u00ebtare, duke mbrojtur kund\u00ebr mbinxehjes, mbingarkes\u00ebs dhe shkarkimit t\u00eb tep\u00ebrt.<\/p>\n<p data-start=\"1313\" data-end=\"1465\">Me k\u00ebt\u00eb power bank, ju p\u00ebrfitoni nj\u00eb kombinim perfekt t\u00eb <strong data-start=\"1370\" data-end=\"1440\">kapacitetit t\u00eb madh, karikimit t\u00eb shpejt\u00eb dhe siguris\u00eb s\u00eb avancuar<\/strong> n\u00eb nj\u00eb pajisje t\u00eb vetme.<\/p>","protected":false},"excerpt":{"rendered":"<div class=\"flex flex-col text-sm pb-25\">\n<section class=\"text-token-text-primary w-full focus:outline-none [--shadow-height:45px] has-data-writing-block:pointer-events-none has-data-writing-block:-mt-(--shadow-height) has-data-writing-block:pt-(--shadow-height) [&amp;:has([data-writing-block])&gt;*]:pointer-events-auto scroll-mt-[calc(var(--header-height)+min(200px,max(70px,20svh)))]\" dir=\"auto\" data-turn-id=\"request-699ed87e-d8bc-8387-af17-be4d92a70005-5\" data-testid=\"conversation-turn-138\" data-scroll-anchor=\"true\" data-turn=\"assistant\">\n<div class=\"text-base my-auto mx-auto pb-10 [--thread-content-margin:var(--thread-content-margin-xs,calc(var(--spacing)*4))] @w-sm\/main:[--thread-content-margin:var(--thread-content-margin-sm,calc(var(--spacing)*6))] @w-lg\/main:[--thread-content-margin:var(--thread-content-margin-lg,calc(var(--spacing)*16))] px-(--thread-content-margin)\">\n<div class=\"[--thread-content-max-width:40rem] @w-lg\/main:[--thread-content-max-width:48rem] mx-auto max-w-(--thread-content-max-width) flex-1 group\/turn-messages focus-visible:outline-hidden relative flex w-full min-w-0 flex-col agent-turn\">\n<div class=\"flex max-w-full flex-col gap-4 grow\">\n<div class=\"min-h-8 text-message relative flex w-full flex-col items-end gap-2 text-start break-words whitespace-normal outline-none keyboard-focused:focus-ring [.text-message+&amp;]:mt-1\" dir=\"auto\" tabindex=\"0\" data-message-author-role=\"assistant\" data-message-id=\"a992b803-8e58-46d6-9600-98b3996f0185\" data-message-model-slug=\"gpt-5-3\" data-turn-start-message=\"true\">\n<div class=\"flex w-full flex-col gap-1 empty:hidden\">\n<div class=\"markdown prose dark:prose-invert w-full wrap-break-word light markdown-new-styling\">\n<p data-start=\"1498\" data-end=\"1765\" data-is-last-node=\"\" data-is-only-node=\"\"><strong data-start=\"1498\" data-end=\"1566\"><span class=\"hover:entity-accent entity-underline inline cursor-pointer align-baseline\"><span class=\"whitespace-normal\">UGREEN<\/span><\/span> 20000mAh PD 20W Power Bank<\/strong> ofron <strong data-start=\"1573\" data-end=\"1604\">kapacitet t\u00eb madh 20,000mAh<\/strong>, karikim t\u00eb shpejt\u00eb <strong data-start=\"1625\" data-end=\"1635\">PD 20W<\/strong> dhe porta <strong data-start=\"1646\" data-end=\"1675\">USB-A\/USB-C deri n\u00eb 22.5W<\/strong>. Me dizajn metalik dhe mbrojtje t\u00eb avancuar, \u00ebsht\u00eb ideal p\u00ebr energji n\u00eb \u00e7do moment.<\/p>\n<\/div>\n<\/div>\n<\/div>\n<\/div>\n<div class=\"z-0 flex min-h-[46px] justify-start\"><\/div>\n<div class=\"mt-3 w-full empty:hidden\">\n<div class=\"text-center\"><\/div>\n<\/div>\n<\/div>\n<\/div>\n<\/section>\n<\/div>\n<div class=\"pointer-events-none h-px w-px absolute bottom-0\" aria-hidden=\"true\" data-edge=\"true\"><\/div>\n","protected":false},"featured_media":7027,"comment_status":"open","ping_status":"closed","template":"","meta":[],"product_brand":[280],"product_cat":[70],"product_tag":[],"class_list":{"0":"post-7023","1":"product","2":"type-product","3":"status-publish","4":"has-post-thumbnail","6":"product_brand-ugreen","7":"product_cat-power-bank","9":"first","10":"instock","11":"sale","12":"shipping-taxable","13":"purchasable","14":"product-type-simple"},"_links":{"self":[{"href":"https:\/\/backup.blumond.al\/en\/wp-json\/wp\/v2\/product\/7023","targetHints":{"allow":["GET"]}}],"collection":[{"href":"https:\/\/backup.blumond.al\/en\/wp-json\/wp\/v2\/product"}],"about":[{"href":"https:\/\/backup.blumond.al\/en\/wp-json\/wp\/v2\/types\/product"}],"replies":[{"embeddable":true,"href":"https:\/\/backup.blumond.al\/en\/wp-json\/wp\/v2\/comments?post=7023"}],"wp:featuredmedia":[{"embeddable":true,"href":"https:\/\/backup.blumond.al\/en\/wp-json\/wp\/v2\/media\/7027"}],"wp:attachment":[{"href":"https:\/\/backup.blumond.al\/en\/wp-json\/wp\/v2\/media?parent=7023"}],"wp:term":[{"taxonomy":"product_brand","embeddable":true,"href":"https:\/\/backup.blumond.al\/en\/wp-json\/wp\/v2\/product_brand?post=7023"},{"taxonomy":"product_cat","embeddable":true,"href":"https:\/\/backup.blumond.al\/en\/wp-json\/wp\/v2\/product_cat?post=7023"},{"taxonomy":"product_tag","embeddable":true,"href":"https:\/\/backup.blumond.al\/en\/wp-json\/wp\/v2\/product_tag?post=7023"}],"curies":[{"name":"wp","href":"https:\/\/api.w.org\/{rel}","templated":true}]}}