{"id":6986,"date":"2026-03-23T10:14:09","date_gmt":"2026-03-23T10:14:09","guid":{"rendered":"https:\/\/backup.blumond.al\/?post_type=product&#038;p=6986"},"modified":"2026-03-23T10:14:09","modified_gmt":"2026-03-23T10:14:09","slug":"esr-apple-watch-ultra-armorite-protection-set-titanium-12","status":"publish","type":"product","link":"https:\/\/backup.blumond.al\/en\/product\/esr-apple-watch-ultra-armorite-protection-set-titanium-12\/","title":{"rendered":"ESR Apple Watch Ultra Armorite Protection Set \u2013 Titanium 1+2"},"content":{"rendered":"<p data-start=\"33\" data-end=\"407\"><strong data-start=\"33\" data-end=\"127\"><span class=\"hover:entity-accent entity-underline inline cursor-pointer align-baseline\"><span class=\"whitespace-normal\">ESR<\/span><\/span> Apple Watch Ultra Armorite Protection Set \u2013 Titanium<\/strong> is a premium protective set designed to offer <strong data-start=\"186\" data-end=\"212\">full 360\u00b0 protection<\/strong> for your watch. Only suitable for <strong data-start=\"253\" data-end=\"282\">Apple Watch Ultra (49mm)<\/strong>, this combination includes a strong frame and 2 protective glass screens, ensuring maximum resistance to damage.<\/p>\n<p data-start=\"409\" data-end=\"766\">Frame made of <strong data-start=\"422\" data-end=\"450\">aluminum (aluminum alloy)<\/strong> perfectly envelops the watch, protecting it from shocks and daily wear. Meanwhile, the tempered glass <strong data-start=\"572\" data-end=\"584\">Armorite<\/strong> offers high pressure resistance up to <strong data-start=\"634\" data-end=\"658\">110 lb (about 50 kg)<\/strong>, protecting the screen from scratches and cracks even during intensive activities or outdoor use.<\/p>\n<p data-start=\"768\" data-end=\"952\">Installation is very simple and quick: place the protective glass and then the frame, which fits precisely over the buttons and crown without having to remove the watch strap.<\/p>\n<p data-start=\"954\" data-end=\"1232\">The glass is designed to be <strong data-start=\"989\" data-end=\"1046\">completely transparent and very sensitive to touch<\/strong>, while maintaining the original user experience. Special layer <strong data-start=\"1117\" data-end=\"1159\">oleophobic against fingerprints<\/strong> helps keep the screen clean and clear at all times.<\/p>","protected":false},"excerpt":{"rendered":"<div class=\"flex flex-col text-sm pb-25\">\n<section class=\"text-token-text-primary w-full focus:outline-none [--shadow-height:45px] has-data-writing-block:pointer-events-none has-data-writing-block:-mt-(--shadow-height) has-data-writing-block:pt-(--shadow-height) [&amp;:has([data-writing-block])&gt;*]:pointer-events-auto scroll-mt-[calc(var(--header-height)+min(200px,max(70px,20svh)))]\" dir=\"auto\" data-turn-id=\"request-699ed87e-d8bc-8387-af17-be4d92a70005-1\" data-testid=\"conversation-turn-130\" data-scroll-anchor=\"true\" data-turn=\"assistant\">\n<div class=\"text-base my-auto mx-auto pb-10 [--thread-content-margin:var(--thread-content-margin-xs,calc(var(--spacing)*4))] @w-sm\/main:[--thread-content-margin:var(--thread-content-margin-sm,calc(var(--spacing)*6))] @w-lg\/main:[--thread-content-margin:var(--thread-content-margin-lg,calc(var(--spacing)*16))] px-(--thread-content-margin)\">\n<div class=\"[--thread-content-max-width:40rem] @w-lg\/main:[--thread-content-max-width:48rem] mx-auto max-w-(--thread-content-max-width) flex-1 group\/turn-messages focus-visible:outline-hidden relative flex w-full min-w-0 flex-col agent-turn\">\n<div class=\"flex max-w-full flex-col gap-4 grow\">\n<div class=\"min-h-8 text-message relative flex w-full flex-col items-end gap-2 text-start break-words whitespace-normal outline-none keyboard-focused:focus-ring [.text-message+&amp;]:mt-1\" dir=\"auto\" tabindex=\"0\" data-message-author-role=\"assistant\" data-message-id=\"9578d6d5-7c4f-410c-89f4-dc9925a7cd8b\" data-message-model-slug=\"gpt-5-3\" data-turn-start-message=\"true\">\n<div class=\"flex w-full flex-col gap-1 empty:hidden\">\n<div class=\"markdown prose dark:prose-invert w-full wrap-break-word light markdown-new-styling\">\n<p data-start=\"1265\" data-end=\"1579\" data-is-last-node=\"\" data-is-only-node=\"\"><strong data-start=\"1265\" data-end=\"1359\"><span class=\"hover:entity-accent entity-underline inline cursor-pointer align-baseline\"><span class=\"whitespace-normal\">ESR<\/span><\/span> Apple Watch Ultra Armorite Protection Set \u2013 Titanium<\/strong> ofron <strong data-start=\"1366\" data-end=\"1392\">mbrojtje t\u00eb plot\u00eb 360\u00b0<\/strong> me korniz\u00eb alumini dhe xham t\u00eb fort\u00eb q\u00eb p\u00ebrballon deri n\u00eb <strong data-start=\"1451\" data-end=\"1468\">50 kg presion<\/strong>. Me instalim t\u00eb leht\u00eb dhe ndjeshm\u00ebri t\u00eb lart\u00eb n\u00eb prekje, mban ekranin t\u00eb past\u00ebr dhe t\u00eb mbrojtur \u00e7do dit\u00eb.<\/p>\n<\/div>\n<\/div>\n<\/div>\n<\/div>\n<div class=\"z-0 flex min-h-[46px] justify-start\"><\/div>\n<div class=\"mt-3 w-full empty:hidden\">\n<div class=\"text-center\"><\/div>\n<\/div>\n<\/div>\n<\/div>\n<\/section>\n<\/div>\n<div class=\"pointer-events-none h-px w-px absolute bottom-0\" aria-hidden=\"true\" data-edge=\"true\"><\/div>\n","protected":false},"featured_media":6988,"comment_status":"open","ping_status":"closed","template":"","meta":[],"product_brand":[82],"product_cat":[90,99],"product_tag":[],"class_list":{"0":"post-6986","1":"product","2":"type-product","3":"status-publish","4":"has-post-thumbnail","6":"product_brand-esr","7":"product_cat-case","8":"product_cat-case-for-apple-whatch","10":"first","11":"instock","12":"shipping-taxable","13":"purchasable","14":"product-type-simple"},"_links":{"self":[{"href":"https:\/\/backup.blumond.al\/en\/wp-json\/wp\/v2\/product\/6986","targetHints":{"allow":["GET"]}}],"collection":[{"href":"https:\/\/backup.blumond.al\/en\/wp-json\/wp\/v2\/product"}],"about":[{"href":"https:\/\/backup.blumond.al\/en\/wp-json\/wp\/v2\/types\/product"}],"replies":[{"embeddable":true,"href":"https:\/\/backup.blumond.al\/en\/wp-json\/wp\/v2\/comments?post=6986"}],"wp:featuredmedia":[{"embeddable":true,"href":"https:\/\/backup.blumond.al\/en\/wp-json\/wp\/v2\/media\/6988"}],"wp:attachment":[{"href":"https:\/\/backup.blumond.al\/en\/wp-json\/wp\/v2\/media?parent=6986"}],"wp:term":[{"taxonomy":"product_brand","embeddable":true,"href":"https:\/\/backup.blumond.al\/en\/wp-json\/wp\/v2\/product_brand?post=6986"},{"taxonomy":"product_cat","embeddable":true,"href":"https:\/\/backup.blumond.al\/en\/wp-json\/wp\/v2\/product_cat?post=6986"},{"taxonomy":"product_tag","embeddable":true,"href":"https:\/\/backup.blumond.al\/en\/wp-json\/wp\/v2\/product_tag?post=6986"}],"curies":[{"name":"wp","href":"https:\/\/api.w.org\/{rel}","templated":true}]}}