{"id":6631,"date":"2026-03-17T10:22:41","date_gmt":"2026-03-17T10:22:41","guid":{"rendered":"https:\/\/backup.blumond.al\/?post_type=product&#038;p=6631"},"modified":"2026-03-21T14:01:00","modified_gmt":"2026-03-21T14:01:00","slug":"esr-15w-dashboard-wireless-car-charger-halolock-black","status":"publish","type":"product","link":"https:\/\/backup.blumond.al\/en\/product\/esr-15w-dashboard-wireless-car-charger-halolock-black\/","title":{"rendered":"ESR 15W Dashboard Wireless Car Charger (HaloLock) \u2013 Black"},"content":{"rendered":"<p data-start=\"33\" data-end=\"438\"><strong data-start=\"33\" data-end=\"128\"><span class=\"hover:entity-accent entity-underline inline cursor-pointer align-baseline\"><span class=\"whitespace-normal\">ESR<\/span><\/span> 15W Dashboard Wireless Car Charger (HaloLock) &#8211; Black<\/strong> \u00ebsht\u00eb nj\u00eb karikues modern dhe praktik p\u00ebr makin\u00eb, i projektuar p\u00ebr t\u00eb ofruar karikim t\u00eb shpejt\u00eb dhe p\u00ebrdorim t\u00eb sigurt gjat\u00eb drejtimit. Me nj\u00eb dizajn elegant dhe montim t\u00eb fuqish\u00ebm n\u00eb panel (dashboard), ai q\u00ebndron i fiksuar fort edhe n\u00eb rrug\u00eb t\u00eb v\u00ebshtira, duke garantuar stabilitet maksimal p\u00ebr pajisjen tuaj.<\/p>\n<p data-start=\"440\" data-end=\"686\">owing to <strong data-start=\"445\" data-end=\"470\">teknologjis\u00eb HaloLock<\/strong>, ky karikues p\u00ebrdor magnet\u00eb t\u00eb fuqish\u00ebm p\u00ebr t\u00eb siguruar kapje t\u00eb menj\u00ebhershme dhe t\u00eb q\u00ebndrueshme t\u00eb telefonit. Vendoseni pajisjen dhe ajo fiksohet automatikisht n\u00eb pozicionin ideal p\u00ebr karikim dhe p\u00ebrdorim t\u00eb leht\u00eb.<\/p>\n<p data-start=\"688\" data-end=\"974\">with <strong data-start=\"691\" data-end=\"720\">charging power up to 15W<\/strong>, ju mund t\u00eb karikoni telefonin shpejt dhe n\u00eb m\u00ebnyr\u00eb efikase gjat\u00eb \u00e7do udh\u00ebtimi. Dizajni me <strong data-start=\"812\" data-end=\"856\">krah t\u00eb rregulluesh\u00ebm dhe nyje fleksib\u00ebl<\/strong> ju lejon t\u00eb p\u00ebrshtatni k\u00ebndin sipas nevoj\u00ebs, duke e b\u00ebr\u00eb ideal p\u00ebr navigim, telefonata apo p\u00ebrdorim t\u00eb aplikacioneve.<\/p>\n<p data-start=\"976\" data-end=\"1171\">Montimi me suction t\u00eb fort\u00eb siguron q\u00eb karikuesi t\u00eb q\u00ebndroj\u00eb i pal\u00ebvizsh\u00ebm n\u00eb panelin e makin\u00ebs, nd\u00ebrsa nd\u00ebrtimi cil\u00ebsor redukton dridhjet p\u00ebr nj\u00eb p\u00ebrvoj\u00eb m\u00eb t\u00eb sigurt dhe komode gjat\u00eb drejtimit.<\/p>","protected":false},"excerpt":{"rendered":"<div class=\"flex flex-col text-sm pb-25\">\n<article class=\"text-token-text-primary w-full focus:outline-none [--shadow-height:45px] has-data-writing-block:pointer-events-none has-data-writing-block:-mt-(--shadow-height) has-data-writing-block:pt-(--shadow-height) [&amp;:has([data-writing-block])&gt;*]:pointer-events-auto scroll-mt-[calc(var(--header-height)+min(200px,max(70px,20svh)))]\" dir=\"auto\" tabindex=\"-1\" data-turn-id=\"request-699ed87e-d8bc-8387-af17-be4d92a70005-3\" data-testid=\"conversation-turn-118\" data-scroll-anchor=\"true\" data-turn=\"assistant\">\n<div class=\"text-base my-auto mx-auto pb-10 [--thread-content-margin:var(--thread-content-margin-xs,calc(var(--spacing)*4))] @w-sm\/main:[--thread-content-margin:var(--thread-content-margin-sm,calc(var(--spacing)*6))] @w-lg\/main:[--thread-content-margin:var(--thread-content-margin-lg,calc(var(--spacing)*16))] px-(--thread-content-margin)\">\n<div class=\"[--thread-content-max-width:40rem] @w-lg\/main:[--thread-content-max-width:48rem] mx-auto max-w-(--thread-content-max-width) flex-1 group\/turn-messages focus-visible:outline-hidden relative flex w-full min-w-0 flex-col agent-turn\" tabindex=\"-1\">\n<div class=\"flex max-w-full flex-col gap-4 grow\">\n<div class=\"min-h-8 text-message relative flex w-full flex-col items-end gap-2 text-start break-words whitespace-normal [.text-message+&amp;]:mt-1\" dir=\"auto\" data-message-author-role=\"assistant\" data-message-id=\"c6aecf65-6027-4652-adb8-dcd9e9c94df1\" data-message-model-slug=\"gpt-5-3\">\n<div class=\"flex w-full flex-col gap-1 empty:hidden\">\n<div class=\"markdown prose dark:prose-invert w-full wrap-break-word light markdown-new-styling\">\n<p data-start=\"1204\" data-end=\"1506\" data-is-last-node=\"\" data-is-only-node=\"\"><strong data-start=\"1204\" data-end=\"1299\"><span class=\"hover:entity-accent entity-underline inline cursor-pointer align-baseline\"><span class=\"whitespace-normal\">ESR<\/span><\/span> 15W Dashboard Wireless Car Charger (HaloLock) &#8211; Black<\/strong> ofron <strong data-start=\"1306\" data-end=\"1332\">karikim t\u00eb shpejt\u00eb 15W<\/strong>, kapje magnetike t\u00eb fort\u00eb dhe montim t\u00eb sigurt n\u00eb dashboard. Me dizajn fleksib\u00ebl dhe k\u00ebnd t\u00eb rregulluesh\u00ebm, \u00ebsht\u00eb zgjedhja ideale p\u00ebr p\u00ebrdorim t\u00eb p\u00ebrditsh\u00ebm n\u00eb makin\u00eb.<\/p>\n<\/div>\n<\/div>\n<\/div>\n<\/div>\n<div class=\"z-0 flex min-h-[46px] justify-start\"><\/div>\n<div class=\"mt-3 w-full empty:hidden\">\n<div class=\"text-center\"><\/div>\n<\/div>\n<\/div>\n<\/div>\n<\/article>\n<\/div>\n<div class=\"pointer-events-none h-px w-px absolute bottom-0\" aria-hidden=\"true\" data-edge=\"true\"><\/div>\n","protected":false},"featured_media":6632,"comment_status":"open","ping_status":"closed","template":"","meta":[],"product_brand":[82],"product_cat":[71,89],"product_tag":[],"class_list":{"0":"post-6631","1":"product","2":"type-product","3":"status-publish","4":"has-post-thumbnail","6":"product_brand-esr","7":"product_cat-charger","8":"product_cat-car-charger","10":"first","11":"instock","12":"shipping-taxable","13":"purchasable","14":"product-type-simple"},"_links":{"self":[{"href":"https:\/\/backup.blumond.al\/en\/wp-json\/wp\/v2\/product\/6631","targetHints":{"allow":["GET"]}}],"collection":[{"href":"https:\/\/backup.blumond.al\/en\/wp-json\/wp\/v2\/product"}],"about":[{"href":"https:\/\/backup.blumond.al\/en\/wp-json\/wp\/v2\/types\/product"}],"replies":[{"embeddable":true,"href":"https:\/\/backup.blumond.al\/en\/wp-json\/wp\/v2\/comments?post=6631"}],"wp:featuredmedia":[{"embeddable":true,"href":"https:\/\/backup.blumond.al\/en\/wp-json\/wp\/v2\/media\/6632"}],"wp:attachment":[{"href":"https:\/\/backup.blumond.al\/en\/wp-json\/wp\/v2\/media?parent=6631"}],"wp:term":[{"taxonomy":"product_brand","embeddable":true,"href":"https:\/\/backup.blumond.al\/en\/wp-json\/wp\/v2\/product_brand?post=6631"},{"taxonomy":"product_cat","embeddable":true,"href":"https:\/\/backup.blumond.al\/en\/wp-json\/wp\/v2\/product_cat?post=6631"},{"taxonomy":"product_tag","embeddable":true,"href":"https:\/\/backup.blumond.al\/en\/wp-json\/wp\/v2\/product_tag?post=6631"}],"curies":[{"name":"wp","href":"https:\/\/api.w.org\/{rel}","templated":true}]}}