{"id":3855,"date":"2026-01-09T10:49:57","date_gmt":"2026-01-09T10:49:57","guid":{"rendered":"https:\/\/backup.blumond.al\/?post_type=product&#038;p=3855"},"modified":"2026-03-19T09:17:42","modified_gmt":"2026-03-19T09:17:42","slug":"choetech-40w-dual-usb-c-pd-wall-charger","status":"publish","type":"product","link":"https:\/\/backup.blumond.al\/en\/product\/choetech-40w-dual-usb-c-pd-wall-charger\/","title":{"rendered":"Choetech 40W Dual USB\u2011C PD Wall Charger"},"content":{"rendered":"<p data-start=\"203\" data-end=\"584\"><strong data-start=\"203\" data-end=\"246\">Choetech 40W Dual USB-C PD Wall Charger<\/strong> \u00ebsht\u00eb nj\u00eb karikues i fuqish\u00ebm dhe i besuesh\u00ebm, i projektuar p\u00ebr t\u00eb karikuar shpejt dhe me siguri <strong data-start=\"344\" data-end=\"416\">telefonat, tablet\u00ebt, pajisjet gaming dhe \u00e7do pajisje tjet\u00ebr USB-C PD<\/strong>. Me dy porta Type-C, ky charger lejon karikimin e dy pajisjeve nj\u00ebkoh\u00ebsisht, duke eliminuar rr\u00ebmuj\u00ebn e kabllove dhe duke ofruar <strong data-start=\"545\" data-end=\"583\">performanc\u00eb t\u00eb shpejt\u00eb dhe efikase<\/strong>.<\/p>\n<p data-start=\"586\" data-end=\"997\">\u00c7do port ofron <strong data-start=\"601\" data-end=\"625\">20W PD fast charging<\/strong>, q\u00eb do t\u00eb thot\u00eb se mund t\u00eb karikoni nj\u00eb iPhone dhe nj\u00eb iPad deri n\u00eb <strong data-start=\"694\" data-end=\"720\">50% n\u00eb vet\u00ebm 30 minuta<\/strong>, ose \u00e7do dy pajisje t\u00eb tjera t\u00eb pajtueshme me PD, pa kompromise n\u00eb shpejt\u00ebsin\u00eb e karikimit. <strong data-start=\"813\" data-end=\"833\">Smart chip<\/strong> identifikon automatikisht pajisjen dhe rregullon fuqin\u00eb e nevojshme, duke garantuar q\u00eb \u00e7do pajisje t\u00eb marr\u00eb <strong data-start=\"942\" data-end=\"961\">fuqin\u00eb optimale<\/strong> p\u00ebr karikim t\u00eb sigurt dhe efikas.<\/p>\n<p data-start=\"999\" data-end=\"1372\">Karikuesi \u00ebsht\u00eb i nd\u00ebrtuar me <strong data-start=\"1029\" data-end=\"1069\">pes\u00eb shtresa mbrojtjeje inteligjente<\/strong>, duke siguruar mbrojtje nga <strong data-start=\"1098\" data-end=\"1160\">over-current, over-voltage, overheating and short circuit<\/strong>, dhe i b\u00ebr\u00eb nga materiale t\u00eb q\u00ebndrueshme dhe cil\u00ebsore p\u00ebr jet\u00ebgjat\u00ebsi. Dizajni kompakt dhe i holl\u00eb e b\u00ebn t\u00eb p\u00ebrshtatsh\u00ebm p\u00ebr p\u00ebrdorim n\u00eb sht\u00ebpi, studio apo udh\u00ebtime, duke u integruar leht\u00ebsisht n\u00eb \u00e7do ambient.<\/p>\n<p data-start=\"1374\" data-end=\"1573\">this <strong data-start=\"1377\" data-end=\"1420\">Choetech 40W Dual USB-C PD Wall Charger<\/strong> \u00ebsht\u00eb nj\u00eb p\u00ebrmir\u00ebsim i domosdosh\u00ebm ndaj karikuesve standard, duke ofruar <strong data-start=\"1494\" data-end=\"1543\">karikim t\u00eb shpejt\u00eb, t\u00eb sigurt dhe t\u00eb dyfisht\u00eb<\/strong> p\u00ebr pajisjet tuaja moderne.<\/p>","protected":false},"excerpt":{"rendered":"<p>Choetech 40W Dual USB-C PD Wall Charger ofron <strong data-start=\"1649\" data-end=\"1688\">karikim t\u00eb shpejt\u00eb 20W p\u00ebr dy porta<\/strong>, siguri inteligjente me pes\u00eb shtresa mbrojtjeje dhe dizajn kompakt, ideal p\u00ebr karikim t\u00eb shpejt\u00eb t\u00eb telefonave, tablet\u00ebve dhe pajisjeve USB-C PD.<\/p>","protected":false},"featured_media":3856,"comment_status":"open","ping_status":"closed","template":"","meta":[],"product_brand":[115],"product_cat":[71],"product_tag":[],"class_list":{"0":"post-3855","1":"product","2":"type-product","3":"status-publish","4":"has-post-thumbnail","6":"product_brand-choetech","7":"product_cat-charger","9":"first","10":"instock","11":"shipping-taxable","12":"purchasable","13":"product-type-simple"},"_links":{"self":[{"href":"https:\/\/backup.blumond.al\/en\/wp-json\/wp\/v2\/product\/3855","targetHints":{"allow":["GET"]}}],"collection":[{"href":"https:\/\/backup.blumond.al\/en\/wp-json\/wp\/v2\/product"}],"about":[{"href":"https:\/\/backup.blumond.al\/en\/wp-json\/wp\/v2\/types\/product"}],"replies":[{"embeddable":true,"href":"https:\/\/backup.blumond.al\/en\/wp-json\/wp\/v2\/comments?post=3855"}],"wp:featuredmedia":[{"embeddable":true,"href":"https:\/\/backup.blumond.al\/en\/wp-json\/wp\/v2\/media\/3856"}],"wp:attachment":[{"href":"https:\/\/backup.blumond.al\/en\/wp-json\/wp\/v2\/media?parent=3855"}],"wp:term":[{"taxonomy":"product_brand","embeddable":true,"href":"https:\/\/backup.blumond.al\/en\/wp-json\/wp\/v2\/product_brand?post=3855"},{"taxonomy":"product_cat","embeddable":true,"href":"https:\/\/backup.blumond.al\/en\/wp-json\/wp\/v2\/product_cat?post=3855"},{"taxonomy":"product_tag","embeddable":true,"href":"https:\/\/backup.blumond.al\/en\/wp-json\/wp\/v2\/product_tag?post=3855"}],"curies":[{"name":"wp","href":"https:\/\/api.w.org\/{rel}","templated":true}]}}