{"id":2523,"date":"2026-01-26T20:49:14","date_gmt":"2026-01-26T20:49:14","guid":{"rendered":"https:\/\/backup.blumond.al\/?post_type=product&#038;p=2523"},"modified":"2026-03-18T12:25:46","modified_gmt":"2026-03-18T12:25:46","slug":"borofone-car-charger","status":"publish","type":"product","link":"https:\/\/backup.blumond.al\/en\/product\/borofone-car-charger\/","title":{"rendered":"Borofone Car Charger"},"content":{"rendered":"<p>BOROFONE BZ19A Wisdom, single USB 18W in-car charger, set with cable for USB-C \/ Micro-USB<br \/>\n1. Input: DC12-24V.<br \/>\n2. Output: 18W (for QC \/ for FCP \/ for AFC).<br \/>\n3. Material: flame retardant PC + ABS.<br \/>\n4. Sizes (length*diameter): 54*25mm. Single charger weight: 17g. Set with cable weight: 42g.<br \/>\n5. Set with 1m charging cable for USB-C \/ Micro-USB.<\/p>\n<p data-start=\"143\" data-end=\"393\"><strong data-start=\"143\" data-end=\"168\">Borofone BZ19A Wisdom<\/strong> is a powerful charger for your car with a USB port that offers <strong data-start=\"241\" data-end=\"254\">output 18W<\/strong>, suitable for technologies <strong data-start=\"288\" data-end=\"307\">QC, FCP and AFC<\/strong>. He has input <strong data-start=\"321\" data-end=\"334\">DC 12\u201324V<\/strong>, making it suitable for most vehicles.<\/p>\n<p data-start=\"395\" data-end=\"703\">Built from material <strong data-start=\"418\" data-end=\"456\">Flame-retardant PC + ABS<\/strong>, the charger is safe and durable. The charger has compact size <strong data-start=\"532\" data-end=\"544\">54\u00d725 mm<\/strong> and weight <strong data-start=\"555\" data-end=\"563\">17 g<\/strong>, while the set comes with a USB-C\/Micro-USB cable <strong data-start=\"603\" data-end=\"611\">42 g<\/strong>. Cable included <strong data-start=\"634\" data-end=\"641\">1 meter<\/strong> allows convenient charging of devices while traveling.<\/p>\n<p data-start=\"705\" data-end=\"831\">This charger is a practical and safe solution for quickly charging your phones during any car trip.<\/p>","protected":false},"excerpt":{"rendered":"<div class=\"flex flex-col text-sm pb-25\">\n<article class=\"text-token-text-primary w-full focus:outline-none [--shadow-height:45px] has-data-writing-block:pointer-events-none has-data-writing-block:-mt-(--shadow-height) has-data-writing-block:pt-(--shadow-height) [&amp;:has([data-writing-block])&gt;*]:pointer-events-auto scroll-mt-[calc(var(--header-height)+min(200px,max(70px,20svh)))]\" dir=\"auto\" tabindex=\"-1\" data-turn-id=\"request-697b2251-0424-8386-b01f-446afed8f9af-9\" data-testid=\"conversation-turn-144\" data-scroll-anchor=\"true\" data-turn=\"assistant\">\n<div class=\"text-base my-auto mx-auto pb-10 [--thread-content-margin:--spacing(4)] @w-sm\/main:[--thread-content-margin:--spacing(6)] @w-lg\/main:[--thread-content-margin:--spacing(16)] px-(--thread-content-margin)\">\n<div class=\"[--thread-content-max-width:40rem] @w-lg\/main:[--thread-content-max-width:48rem] mx-auto max-w-(--thread-content-max-width) flex-1 group\/turn-messages focus-visible:outline-hidden relative flex w-full min-w-0 flex-col agent-turn\" tabindex=\"-1\">\n<div class=\"flex max-w-full flex-col grow\">\n<div class=\"min-h-8 text-message relative flex w-full flex-col items-end gap-2 text-start break-words whitespace-normal [.text-message+&amp;]:mt-1\" dir=\"auto\" data-message-author-role=\"assistant\" data-message-id=\"2f59004e-784e-439e-a4b0-d8df291481f0\" data-message-model-slug=\"gpt-5-mini\">\n<div class=\"flex w-full flex-col gap-1 empty:hidden first:pt-[1px]\">\n<div class=\"markdown prose dark:prose-invert w-full wrap-break-word light markdown-new-styling\">\n<p data-start=\"68\" data-end=\"278\">Borofone BZ19A Wisdom \u00ebsht\u00eb nj\u00eb karikues kompakt p\u00ebr makin\u00eb me nj\u00eb port USB 18W, mb\u00ebshtet QC, FCP dhe AFC, p\u00ebrfshin kabllo 1m USB-C\/Micro-USB dhe ofron karikim t\u00eb shpejt\u00eb, t\u00eb sigurt dhe praktik gjat\u00eb udh\u00ebtimit.<\/p>\n<\/div>\n<\/div>\n<\/div>\n<\/div>\n<div class=\"z-0 flex min-h-[46px] justify-start\"><\/div>\n<div class=\"mt-3 w-full empty:hidden\">\n<div class=\"text-center\"><\/div>\n<\/div>\n<\/div>\n<\/div>\n<\/article>\n<\/div>\n<div class=\"pointer-events-none h-px w-px absolute bottom-0\" aria-hidden=\"true\" data-edge=\"true\"><\/div>\n","protected":false},"featured_media":2693,"comment_status":"open","ping_status":"closed","template":"","meta":[],"product_brand":[111],"product_cat":[71,89],"product_tag":[],"class_list":{"0":"post-2523","1":"product","2":"type-product","3":"status-publish","4":"has-post-thumbnail","6":"product_brand-borofone","7":"product_cat-charger","8":"product_cat-car-charger","9":"product_shipping_class-shipping-within-3-days","11":"first","12":"instock","13":"shipping-taxable","14":"purchasable","15":"product-type-simple"},"_links":{"self":[{"href":"https:\/\/backup.blumond.al\/en\/wp-json\/wp\/v2\/product\/2523","targetHints":{"allow":["GET"]}}],"collection":[{"href":"https:\/\/backup.blumond.al\/en\/wp-json\/wp\/v2\/product"}],"about":[{"href":"https:\/\/backup.blumond.al\/en\/wp-json\/wp\/v2\/types\/product"}],"replies":[{"embeddable":true,"href":"https:\/\/backup.blumond.al\/en\/wp-json\/wp\/v2\/comments?post=2523"}],"wp:featuredmedia":[{"embeddable":true,"href":"https:\/\/backup.blumond.al\/en\/wp-json\/wp\/v2\/media\/2693"}],"wp:attachment":[{"href":"https:\/\/backup.blumond.al\/en\/wp-json\/wp\/v2\/media?parent=2523"}],"wp:term":[{"taxonomy":"product_brand","embeddable":true,"href":"https:\/\/backup.blumond.al\/en\/wp-json\/wp\/v2\/product_brand?post=2523"},{"taxonomy":"product_cat","embeddable":true,"href":"https:\/\/backup.blumond.al\/en\/wp-json\/wp\/v2\/product_cat?post=2523"},{"taxonomy":"product_tag","embeddable":true,"href":"https:\/\/backup.blumond.al\/en\/wp-json\/wp\/v2\/product_tag?post=2523"}],"curies":[{"name":"wp","href":"https:\/\/api.w.org\/{rel}","templated":true}]}}