{"id":2521,"date":"2026-01-26T20:49:14","date_gmt":"2026-01-26T20:49:14","guid":{"rendered":"https:\/\/backup.blumond.al\/?post_type=product&#038;p=2521"},"modified":"2026-03-18T12:25:19","modified_gmt":"2026-03-18T12:25:19","slug":"borofone-wireless-charger","status":"publish","type":"product","link":"https:\/\/backup.blumond.al\/en\/product\/borofone-wireless-charger\/","title":{"rendered":"Borofone Wireless Charger"},"content":{"rendered":"<p data-start=\"158\" data-end=\"480\"><strong data-start=\"158\" data-end=\"187\">Borofone Wireless Charger<\/strong> \u00ebsht\u00eb nj\u00eb karikues i avancuar pa tela q\u00eb mb\u00ebshtet karikim deri n\u00eb <strong data-start=\"254\" data-end=\"260\">3A<\/strong> kur p\u00ebrdoret me kabllo <strong data-start=\"284\" data-end=\"311\">USB Type-C to Lightning<\/strong> ose <strong data-start=\"316\" data-end=\"338\">USB-A to Lightning<\/strong>. Ky karikues ofron nj\u00eb zgjidhje t\u00eb p\u00ebrshtatshme dhe t\u00eb shpejt\u00eb p\u00ebr t\u00eb mbajtur pajisjet tuaja t\u00eb karikuara pa pasur nevoj\u00eb p\u00ebr shum\u00eb kabllo.<\/p>\n<p data-start=\"482\" data-end=\"751\">Nd\u00ebrtimi i tij i fort\u00eb dhe i q\u00ebndruesh\u00ebm siguron q\u00eb pajisja t\u00eb mos thyhet ose plasaritet edhe n\u00ebn presion t\u00eb lart\u00eb, duke garantuar jet\u00ebgjat\u00ebsi t\u00eb gjat\u00eb. P\u00ebr m\u00eb tep\u00ebr, karikuesi nuk nxehet gjat\u00eb p\u00ebrdorimit me ngarkesa t\u00eb m\u00ebdha, duke ruajtur sigurin\u00eb e pajisjeve tuaja.<\/p>\n<p data-start=\"753\" data-end=\"1036\">Dizajni kompakt dhe portativ e b\u00ebn t\u00eb leht\u00eb transportimin dhe p\u00ebrdorimin kudo, qoft\u00eb n\u00eb sht\u00ebpi, n\u00eb zyr\u00eb ose gjat\u00eb udh\u00ebtimeve. Me k\u00ebt\u00eb karikues, mund t\u00eb karikoni pajisjet tuaja <strong data-start=\"929\" data-end=\"961\">shpejt, sigurt dhe pa mundim<\/strong>, duke e b\u00ebr\u00eb at\u00eb nj\u00eb aksesor t\u00eb domosdosh\u00ebm p\u00ebr \u00e7do p\u00ebrdorues smartfoni.<\/p>","protected":false},"excerpt":{"rendered":"<p>Borofone Wireless Charger ofron karikim t\u00eb shpejt\u00eb 3A me USB-C ose USB-A n\u00eb Lightning, \u00ebsht\u00eb i fort\u00eb dhe i q\u00ebndruesh\u00ebm, nuk nxehet gjat\u00eb p\u00ebrdorimit dhe ka dizajn kompakt dhe portativ, ideal p\u00ebr p\u00ebrdorim n\u00eb sht\u00ebpi, zyr\u00eb apo gjat\u00eb udh\u00ebtimeve.<\/p>","protected":false},"featured_media":2684,"comment_status":"open","ping_status":"closed","template":"","meta":[],"product_brand":[111],"product_cat":[71,110],"product_tag":[],"class_list":{"0":"post-2521","1":"product","2":"type-product","3":"status-publish","4":"has-post-thumbnail","6":"product_brand-borofone","7":"product_cat-charger","8":"product_cat-wireless-charger","9":"product_shipping_class-shipping-within-3-days","11":"first","12":"instock","13":"shipping-taxable","14":"purchasable","15":"product-type-simple"},"_links":{"self":[{"href":"https:\/\/backup.blumond.al\/en\/wp-json\/wp\/v2\/product\/2521","targetHints":{"allow":["GET"]}}],"collection":[{"href":"https:\/\/backup.blumond.al\/en\/wp-json\/wp\/v2\/product"}],"about":[{"href":"https:\/\/backup.blumond.al\/en\/wp-json\/wp\/v2\/types\/product"}],"replies":[{"embeddable":true,"href":"https:\/\/backup.blumond.al\/en\/wp-json\/wp\/v2\/comments?post=2521"}],"wp:featuredmedia":[{"embeddable":true,"href":"https:\/\/backup.blumond.al\/en\/wp-json\/wp\/v2\/media\/2684"}],"wp:attachment":[{"href":"https:\/\/backup.blumond.al\/en\/wp-json\/wp\/v2\/media?parent=2521"}],"wp:term":[{"taxonomy":"product_brand","embeddable":true,"href":"https:\/\/backup.blumond.al\/en\/wp-json\/wp\/v2\/product_brand?post=2521"},{"taxonomy":"product_cat","embeddable":true,"href":"https:\/\/backup.blumond.al\/en\/wp-json\/wp\/v2\/product_cat?post=2521"},{"taxonomy":"product_tag","embeddable":true,"href":"https:\/\/backup.blumond.al\/en\/wp-json\/wp\/v2\/product_tag?post=2521"}],"curies":[{"name":"wp","href":"https:\/\/api.w.org\/{rel}","templated":true}]}}