{"id":2432,"date":"2026-01-26T20:49:30","date_gmt":"2026-01-26T20:49:30","guid":{"rendered":"https:\/\/backup.blumond.al\/?post_type=product&#038;p=2432"},"modified":"2026-03-18T11:13:45","modified_gmt":"2026-03-18T11:13:45","slug":"soundcore-space-one-pro","status":"publish","type":"product","link":"https:\/\/backup.blumond.al\/en\/product\/soundcore-space-one-pro\/","title":{"rendered":"Soundcore Space One Pro Jet Black"},"content":{"rendered":"<p data-start=\"0\" data-end=\"310\">Soundcore Space One Pro jan\u00eb krijuar p\u00ebr ata q\u00eb k\u00ebrkojn\u00eb performanc\u00eb premium dhe komoditet maksimal n\u00eb \u00e7do moment t\u00eb dit\u00ebs. Fal\u00eb struktur\u00ebs FlexiCurve\u2122 t\u00eb zhvilluar nga soundcore, kufjet palosen n\u00eb m\u00ebnyr\u00eb inteligjente duke reduktuar madh\u00ebsin\u00eb deri n\u00eb 50%, \u00e7ka i b\u00ebn ideale p\u00ebr udh\u00ebtime dhe p\u00ebrdorim n\u00eb l\u00ebvizje.<\/p>\n<p data-start=\"312\" data-end=\"631\">Sistemi ekskluziv i anulimit t\u00eb zhurm\u00ebs me 4 faza eliminon zhurmat e ambientit n\u00eb koh\u00eb reale, duke ju lejuar t\u00eb p\u00ebrqendroheni plot\u00ebsisht n\u00eb muzik\u00eb apo telefonata. Driver-at me diafragm\u00eb t\u00eb trefisht\u00eb kompozite ofrojn\u00eb audio Hi-Res t\u00eb past\u00ebr, pa deformime, me balanc\u00eb t\u00eb shk\u00eblqyer mes basit, mesoreve dhe toneve t\u00eb larta.<\/p>\n<p data-start=\"633\" data-end=\"989\">Bateria afatgjat\u00eb ju mund\u00ebson deri n\u00eb 40 or\u00eb d\u00ebgjim me ANC aktiv dhe deri n\u00eb 60 or\u00eb pa ANC, nd\u00ebrsa karikimi ultra i shpejt\u00eb ju jep deri n\u00eb 8 or\u00eb muzik\u00eb vet\u00ebm me 5 minuta karikim. P\u00ebr p\u00ebrdorim gjat\u00eb gjith\u00eb dit\u00ebs, dizajni ergonomik me shirit koke q\u00eb leht\u00ebson presionin dhe jast\u00ebk\u00eb t\u00eb but\u00eb p\u00ebr vesh\u00ebt siguron rehati maksimale edhe pas or\u00ebsh t\u00eb t\u00ebra p\u00ebrdorimi.<\/p>\n<div class=\"flex flex-col text-sm pb-25\">\n<article class=\"text-token-text-primary w-full focus:outline-none [--shadow-height:45px] has-data-writing-block:pointer-events-none has-data-writing-block:-mt-(--shadow-height) has-data-writing-block:pt-(--shadow-height) [&amp;:has([data-writing-block])&gt;*]:pointer-events-auto scroll-mt-[calc(var(--header-height)+min(200px,max(70px,20svh)))]\" dir=\"auto\" tabindex=\"-1\" data-turn-id=\"request-WEB:ec754c02-3932-4d37-b776-0d05b5244591-4\" data-testid=\"conversation-turn-10\" data-scroll-anchor=\"true\" data-turn=\"assistant\">\n<div class=\"text-base my-auto mx-auto pb-10 [--thread-content-margin:--spacing(4)] @w-sm\/main:[--thread-content-margin:--spacing(6)] @w-lg\/main:[--thread-content-margin:--spacing(16)] px-(--thread-content-margin)\">\n<div class=\"[--thread-content-max-width:40rem] @w-lg\/main:[--thread-content-max-width:48rem] mx-auto max-w-(--thread-content-max-width) flex-1 group\/turn-messages focus-visible:outline-hidden relative flex w-full min-w-0 flex-col agent-turn\" tabindex=\"-1\">\n<div class=\"flex max-w-full flex-col grow\">\n<div class=\"min-h-8 text-message relative flex w-full flex-col items-end gap-2 text-start break-words whitespace-normal [.text-message+&amp;]:mt-1\" dir=\"auto\" data-message-author-role=\"assistant\" data-message-id=\"c4a3ef16-9d5e-45d6-b970-b1562185169f\" data-message-model-slug=\"gpt-5-2\">\n<div class=\"flex w-full flex-col gap-1 empty:hidden first:pt-[1px]\">\n<div class=\"markdown prose dark:prose-invert w-full wrap-break-word light markdown-new-styling\">\n<p data-start=\"0\" data-end=\"142\">Space One Pro jan\u00eb zgjedhja perfekte p\u00ebr ata q\u00eb k\u00ebrkojn\u00eb cil\u00ebsi t\u00eb lart\u00eb audio, izolim efektiv t\u00eb zhurm\u00ebs dhe rehati afatgjat\u00eb n\u00eb \u00e7do situat\u00eb.<\/p>\n<\/div>\n<\/div>\n<\/div>\n<\/div>\n<div class=\"z-0 flex min-h-[46px] justify-start\"><\/div>\n<div class=\"mt-3 w-full empty:hidden\">\n<div class=\"text-center\"><\/div>\n<\/div>\n<\/div>\n<\/div>\n<\/article>\n<\/div>\n<div class=\"pointer-events-none h-px w-px absolute bottom-0\" aria-hidden=\"true\" data-edge=\"true\"><\/div>\n","protected":false},"excerpt":{"rendered":"<p>The Soundcore Space One Pro offer distortion-free Hi-Res audio, advanced noise cancellation, an ultra-foldable design, and long-lasting battery, making them ideal for everyday use and travel.<\/p>","protected":false},"featured_media":6703,"comment_status":"open","ping_status":"closed","template":"","meta":[],"product_brand":[83,113],"product_cat":[72],"product_tag":[],"class_list":{"0":"post-2432","1":"product","2":"type-product","3":"status-publish","4":"has-post-thumbnail","6":"product_brand-anker","7":"product_brand-soundcore","8":"product_cat-headphones","9":"product_shipping_class-shipping-within-3-days","11":"first","12":"instock","13":"shipping-taxable","14":"purchasable","15":"product-type-simple"},"_links":{"self":[{"href":"https:\/\/backup.blumond.al\/en\/wp-json\/wp\/v2\/product\/2432","targetHints":{"allow":["GET"]}}],"collection":[{"href":"https:\/\/backup.blumond.al\/en\/wp-json\/wp\/v2\/product"}],"about":[{"href":"https:\/\/backup.blumond.al\/en\/wp-json\/wp\/v2\/types\/product"}],"replies":[{"embeddable":true,"href":"https:\/\/backup.blumond.al\/en\/wp-json\/wp\/v2\/comments?post=2432"}],"wp:featuredmedia":[{"embeddable":true,"href":"https:\/\/backup.blumond.al\/en\/wp-json\/wp\/v2\/media\/6703"}],"wp:attachment":[{"href":"https:\/\/backup.blumond.al\/en\/wp-json\/wp\/v2\/media?parent=2432"}],"wp:term":[{"taxonomy":"product_brand","embeddable":true,"href":"https:\/\/backup.blumond.al\/en\/wp-json\/wp\/v2\/product_brand?post=2432"},{"taxonomy":"product_cat","embeddable":true,"href":"https:\/\/backup.blumond.al\/en\/wp-json\/wp\/v2\/product_cat?post=2432"},{"taxonomy":"product_tag","embeddable":true,"href":"https:\/\/backup.blumond.al\/en\/wp-json\/wp\/v2\/product_tag?post=2432"}],"curies":[{"name":"wp","href":"https:\/\/api.w.org\/{rel}","templated":true}]}}