{"id":2431,"date":"2026-01-26T20:49:31","date_gmt":"2026-01-26T20:49:31","guid":{"rendered":"https:\/\/backup.blumond.al\/?post_type=product&#038;p=2431"},"modified":"2026-03-16T13:36:15","modified_gmt":"2026-03-16T13:36:15","slug":"soundcore-space-one","status":"publish","type":"product","link":"https:\/\/backup.blumond.al\/en\/product\/soundcore-space-one\/","title":{"rendered":"Soundcore Space One Black"},"content":{"rendered":"<p data-start=\"35\" data-end=\"540\"><strong data-start=\"35\" data-end=\"123\"><span class=\"hover:entity-accent entity-underline inline cursor-pointer align-baseline\"><span class=\"whitespace-normal\">Soundcore<\/span><\/span> Space One | Active Noise Canceling Headphones<\/strong> BY <strong data-start=\"128\" data-end=\"169\"><span class=\"hover:entity-accent entity-underline inline cursor-pointer align-baseline\"><span class=\"whitespace-normal\">Anchor<\/span><\/span><\/strong> are over-ear headphones designed to deliver quality audio, advanced noise cancellation, and comfort for extended use. With <strong data-start=\"304\" data-end=\"340\">Adaptive Active Noise Cancelling<\/strong>, these headphones can reduce ambient noise by up to <strong data-start=\"400\" data-end=\"407\">98%<\/strong>, creating a quieter listening experience when traveling, in the office, or in noisy environments.<\/p>\n<p data-start=\"542\" data-end=\"911\">The headphones are equipped with <strong data-start=\"569\" data-end=\"595\">40 mm dynamic drivers<\/strong>, which offer <strong data-start=\"608\" data-end=\"684\">Hi-Res audio with deep bass, clear vocals and balanced sound<\/strong>. For sound customization, you can use the app <strong data-start=\"743\" data-end=\"756\">Soundcore<\/strong>, which allows EQ adjustment and technology <strong data-start=\"805\" data-end=\"815\">HearID<\/strong> for an audio profile tailored to your hearing.<\/p>\n<p data-start=\"913\" data-end=\"1166\"><strong data-start=\"913\" data-end=\"948\">Long-lasting battery<\/strong> allows you to listen to music up to <strong data-start=\"984\" data-end=\"1007\">40 hours with ANC active<\/strong> or until <strong data-start=\"1020\" data-end=\"1037\">55 hours without ANC<\/strong>, while <strong data-start=\"1046\" data-end=\"1068\">fast charging<\/strong> offers about <strong data-start=\"1081\" data-end=\"1125\">4 hours of use with just 5 minutes of charging<\/strong>.<\/p>\n<p data-start=\"1168\" data-end=\"1533\">Over-ear design with <strong data-start=\"1188\" data-end=\"1236\">soft cushions and domes that rotate 8\u00b0<\/strong> provides comfort during long use. The headphones support <strong data-start=\"1300\" data-end=\"1342\">Bluetooth 5.3 with multipoint connection<\/strong>, allowing you to connect to two devices at the same time, such as a phone and a laptop. They can also be used with <strong data-start=\"1457\" data-end=\"1471\">AUX cable<\/strong> for wired listening.<\/p>","protected":false},"excerpt":{"rendered":"<div class=\"flex flex-col text-sm pb-25\">\n<article class=\"text-token-text-primary w-full focus:outline-none [--shadow-height:45px] has-data-writing-block:pointer-events-none has-data-writing-block:-mt-(--shadow-height) has-data-writing-block:pt-(--shadow-height) [&amp;:has([data-writing-block])&gt;*]:pointer-events-auto scroll-mt-[calc(var(--header-height)+min(200px,max(70px,20svh)))]\" dir=\"auto\" tabindex=\"-1\" data-turn-id=\"request-699ed87e-d8bc-8387-af17-be4d92a70005-10\" data-testid=\"conversation-turn-110\" data-scroll-anchor=\"true\" data-turn=\"assistant\">\n<div class=\"text-base my-auto mx-auto pb-10 [--thread-content-margin:var(--thread-content-margin-xs,calc(var(--spacing)*4))] @w-sm\/main:[--thread-content-margin:var(--thread-content-margin-sm,calc(var(--spacing)*6))] @w-lg\/main:[--thread-content-margin:var(--thread-content-margin-lg,calc(var(--spacing)*16))] px-(--thread-content-margin)\">\n<div class=\"[--thread-content-max-width:40rem] @w-lg\/main:[--thread-content-max-width:48rem] mx-auto max-w-(--thread-content-max-width) flex-1 group\/turn-messages focus-visible:outline-hidden relative flex w-full min-w-0 flex-col agent-turn\" tabindex=\"-1\">\n<div class=\"flex max-w-full flex-col gap-4 grow\">\n<div class=\"min-h-8 text-message relative flex w-full flex-col items-end gap-2 text-start break-words whitespace-normal [.text-message+&amp;]:mt-1\" dir=\"auto\" data-message-author-role=\"assistant\" data-message-id=\"e0a60340-c9cc-4dba-9d79-f39671379912\" data-message-model-slug=\"gpt-5-3\">\n<div class=\"flex w-full flex-col gap-1 empty:hidden\">\n<div class=\"markdown prose dark:prose-invert w-full wrap-break-word light markdown-new-styling\">\n<p data-start=\"1566\" data-end=\"1928\"><strong data-start=\"1566\" data-end=\"1632\"><span class=\"hover:entity-accent entity-underline inline cursor-pointer align-baseline\"><span class=\"whitespace-normal\">Soundcore<\/span><\/span> Space One ANC Headphones<\/strong> ofrojn\u00eb <strong data-start=\"1641\" data-end=\"1682\">anulim adaptiv t\u00eb zhurm\u00ebs deri n\u00eb 98%<\/strong>, <strong data-start=\"1684\" data-end=\"1718\">driver\u00eb 40 mm p\u00ebr Hi-Res audio<\/strong>, dhe <strong data-start=\"1724\" data-end=\"1758\">bateri deri n\u00eb 55 or\u00eb p\u00ebrdorim<\/strong>. Me <strong data-start=\"1763\" data-end=\"1863\">Bluetooth multipoint, karikim t\u00eb shpejt\u00eb dhe personalizim t\u00eb z\u00ebrit p\u00ebrmes aplikacionit Soundcore<\/strong>, jan\u00eb ideale p\u00ebr muzik\u00eb, udh\u00ebtime dhe p\u00ebrdorim t\u00eb p\u00ebrditsh\u00ebm. \ud83c\udfa7<\/p>\n<\/div>\n<\/div>\n<\/div>\n<\/div>\n<div class=\"z-0 flex min-h-[46px] justify-start\"><\/div>\n<div class=\"mt-3 w-full empty:hidden\">\n<div class=\"text-center\"><\/div>\n<\/div>\n<\/div>\n<\/div>\n<\/article>\n<\/div>\n<div class=\"pointer-events-none h-px w-px absolute bottom-0\" aria-hidden=\"true\" data-edge=\"true\"><\/div>\n","protected":false},"featured_media":6565,"comment_status":"open","ping_status":"closed","template":"","meta":[],"product_brand":[83,113],"product_cat":[72],"product_tag":[],"class_list":{"0":"post-2431","1":"product","2":"type-product","3":"status-publish","4":"has-post-thumbnail","6":"product_brand-anker","7":"product_brand-soundcore","8":"product_cat-headphones","9":"product_shipping_class-shipping-within-3-days","11":"first","12":"instock","13":"shipping-taxable","14":"purchasable","15":"product-type-simple"},"_links":{"self":[{"href":"https:\/\/backup.blumond.al\/en\/wp-json\/wp\/v2\/product\/2431","targetHints":{"allow":["GET"]}}],"collection":[{"href":"https:\/\/backup.blumond.al\/en\/wp-json\/wp\/v2\/product"}],"about":[{"href":"https:\/\/backup.blumond.al\/en\/wp-json\/wp\/v2\/types\/product"}],"replies":[{"embeddable":true,"href":"https:\/\/backup.blumond.al\/en\/wp-json\/wp\/v2\/comments?post=2431"}],"wp:featuredmedia":[{"embeddable":true,"href":"https:\/\/backup.blumond.al\/en\/wp-json\/wp\/v2\/media\/6565"}],"wp:attachment":[{"href":"https:\/\/backup.blumond.al\/en\/wp-json\/wp\/v2\/media?parent=2431"}],"wp:term":[{"taxonomy":"product_brand","embeddable":true,"href":"https:\/\/backup.blumond.al\/en\/wp-json\/wp\/v2\/product_brand?post=2431"},{"taxonomy":"product_cat","embeddable":true,"href":"https:\/\/backup.blumond.al\/en\/wp-json\/wp\/v2\/product_cat?post=2431"},{"taxonomy":"product_tag","embeddable":true,"href":"https:\/\/backup.blumond.al\/en\/wp-json\/wp\/v2\/product_tag?post=2431"}],"curies":[{"name":"wp","href":"https:\/\/api.w.org\/{rel}","templated":true}]}}