{"id":2430,"date":"2026-01-26T20:49:31","date_gmt":"2026-01-26T20:49:31","guid":{"rendered":"https:\/\/backup.blumond.al\/?post_type=product&#038;p=2430"},"modified":"2026-03-18T10:56:46","modified_gmt":"2026-03-18T10:56:46","slug":"soundcore-h30i","status":"publish","type":"product","link":"https:\/\/backup.blumond.al\/en\/product\/soundcore-h30i\/","title":{"rendered":"Soundcore H30i Black"},"content":{"rendered":"<p data-start=\"143\" data-end=\"513\"><strong data-start=\"143\" data-end=\"161\">Soundcore H30i<\/strong> are they headphones <strong data-start=\"173\" data-end=\"192\">wireless on-ear<\/strong> q\u00eb ofrojn\u00eb nj\u00eb <strong data-start=\"208\" data-end=\"260\">eksperienc\u00eb t\u00eb fuqishme audio dhe bass t\u00eb past\u00ebr<\/strong>, duke sjell\u00eb \u00e7do k\u00ebng\u00eb n\u00eb jet\u00eb. Me <strong data-start=\"296\" data-end=\"324\">driver-e t\u00eb m\u00ebdhenj 40mm<\/strong>, H30i sigurojn\u00eb tingull t\u00eb fuqish\u00ebm dhe t\u00eb qart\u00eb, duke theksuar \u00e7do detaj t\u00eb muzik\u00ebs tuaj dhe duke ofruar nj\u00eb <strong data-start=\"435\" data-end=\"466\">bass t\u00eb thell\u00eb dhe t\u00eb pasur<\/strong> p\u00ebr nj\u00eb p\u00ebrvoj\u00eb muzikore t\u00eb jasht\u00ebzakonshme.<\/p>\n<p data-start=\"515\" data-end=\"873\">Kufjet ofrojn\u00eb nj\u00eb <strong data-start=\"534\" data-end=\"566\">koh\u00eb p\u00ebrdorimi prej 70 or\u00ebsh<\/strong> me nj\u00eb karikim t\u00eb vet\u00ebm, nd\u00ebrsa <strong data-start=\"599\" data-end=\"621\">fast charging<\/strong> ju jep deri n\u00eb 4 or\u00eb p\u00ebrdorim vet\u00ebm me 5 minuta karikim. Me pesh\u00ebn e leht\u00eb <strong data-start=\"697\" data-end=\"705\">183g<\/strong> dhe vesh\u00ebt e but\u00eb, t\u00eb palossh\u00ebm dhe ergonomik\u00eb, H30i jan\u00eb t\u00eb dizajnuara p\u00ebr <strong data-start=\"782\" data-end=\"836\">komoditet maksimal gjat\u00eb seancave t\u00eb gjata d\u00ebgjimi<\/strong>, duke eliminuar lodhjen e vesh\u00ebve.<\/p>\n<p data-start=\"875\" data-end=\"1331\">owing to <strong data-start=\"880\" data-end=\"897\">Bluetooth 5.3<\/strong>, lidhja \u00ebsht\u00eb <strong data-start=\"912\" data-end=\"947\">e q\u00ebndrueshme dhe pa nd\u00ebrprerje<\/strong>, duke lejuar kalim t\u00eb leht\u00eb mes pajisjeve t\u00eb ndryshme\u2014qoft\u00eb p\u00ebr t\u00eb d\u00ebgjuar muzik\u00eb, p\u00ebr t\u00eb par\u00eb nj\u00eb film apo p\u00ebr t\u00eb marr\u00eb thirrje n\u00eb momentin e duhur. P\u00ebr m\u00eb tep\u00ebr, aplikacioni <strong data-start=\"1124\" data-end=\"1141\">Soundcore App<\/strong> ju lejon t\u00eb krijoni <strong data-start=\"1162\" data-end=\"1185\">EQ t\u00eb personalizuar<\/strong>, t\u00eb p\u00ebrdorni preset-e t\u00eb gatshme, t\u00eb shijoni zhurma t\u00eb bardha relaksuese dhe m\u00eb shum\u00eb, duke p\u00ebrshtatur p\u00ebrvoj\u00ebn e d\u00ebgjimit sipas d\u00ebshir\u00ebs suaj.<\/p>\n<p data-start=\"1333\" data-end=\"1531\">Me kombinimin e <strong data-start=\"1349\" data-end=\"1397\">performanc\u00ebs, komoditetit dhe personalizimit<\/strong>, <strong data-start=\"1399\" data-end=\"1417\">Soundcore H30i<\/strong> jan\u00eb kufjet ideale p\u00ebr muzikdash\u00ebsit q\u00eb k\u00ebrkojn\u00eb <strong data-start=\"1467\" data-end=\"1528\">tingull t\u00eb fuqish\u00ebm dhe bass t\u00eb past\u00ebr gjat\u00eb gjith\u00eb dit\u00ebs<\/strong>.<\/p>","protected":false},"excerpt":{"rendered":"<p>Shijo tingull t\u00eb fuqish\u00ebm dhe bass t\u00eb pasur me <strong data-start=\"247\" data-end=\"265\">soundcore H30i<\/strong>. Leht\u00eb, rehatsh\u00ebm dhe me bateri q\u00eb zgjat gjith\u00eb dit\u00ebn.<\/p>","protected":false},"featured_media":6693,"comment_status":"open","ping_status":"closed","template":"","meta":[],"product_brand":[83,113],"product_cat":[72],"product_tag":[],"class_list":{"0":"post-2430","1":"product","2":"type-product","3":"status-publish","4":"has-post-thumbnail","6":"product_brand-anker","7":"product_brand-soundcore","8":"product_cat-headphones","9":"product_shipping_class-shipping-within-3-days","11":"first","12":"instock","13":"shipping-taxable","14":"purchasable","15":"product-type-simple"},"_links":{"self":[{"href":"https:\/\/backup.blumond.al\/en\/wp-json\/wp\/v2\/product\/2430","targetHints":{"allow":["GET"]}}],"collection":[{"href":"https:\/\/backup.blumond.al\/en\/wp-json\/wp\/v2\/product"}],"about":[{"href":"https:\/\/backup.blumond.al\/en\/wp-json\/wp\/v2\/types\/product"}],"replies":[{"embeddable":true,"href":"https:\/\/backup.blumond.al\/en\/wp-json\/wp\/v2\/comments?post=2430"}],"wp:featuredmedia":[{"embeddable":true,"href":"https:\/\/backup.blumond.al\/en\/wp-json\/wp\/v2\/media\/6693"}],"wp:attachment":[{"href":"https:\/\/backup.blumond.al\/en\/wp-json\/wp\/v2\/media?parent=2430"}],"wp:term":[{"taxonomy":"product_brand","embeddable":true,"href":"https:\/\/backup.blumond.al\/en\/wp-json\/wp\/v2\/product_brand?post=2430"},{"taxonomy":"product_cat","embeddable":true,"href":"https:\/\/backup.blumond.al\/en\/wp-json\/wp\/v2\/product_cat?post=2430"},{"taxonomy":"product_tag","embeddable":true,"href":"https:\/\/backup.blumond.al\/en\/wp-json\/wp\/v2\/product_tag?post=2430"}],"curies":[{"name":"wp","href":"https:\/\/api.w.org\/{rel}","templated":true}]}}