{"id":2427,"date":"2025-12-07T17:59:20","date_gmt":"2025-12-07T17:59:20","guid":{"rendered":"https:\/\/backup.blumond.al\/?post_type=product&#038;p=2427"},"modified":"2026-03-17T11:07:35","modified_gmt":"2026-03-17T11:07:35","slug":"soundcore-aerofit-pro","status":"publish","type":"product","link":"https:\/\/backup.blumond.al\/en\/product\/soundcore-aerofit-pro\/","title":{"rendered":"Soundcore Aerofit Pro"},"content":{"rendered":"<p data-start=\"33\" data-end=\"452\"><strong data-start=\"33\" data-end=\"86\"><span class=\"hover:entity-accent entity-underline inline cursor-pointer align-baseline\"><span class=\"whitespace-normal\">Soundcore<\/span><\/span> AeroFit Pro<\/strong> are innovative headphones with <strong data-start=\"111\" data-end=\"130\">open-ear design<\/strong>, designed for maximum comfort and active use all day long. Thanks to this design, they sit on the ear without entering the ear canal, allowing you to listen to music while still being aware of your surroundings\u2014ideal for sports, running, or use on the go.<\/p>\n<p data-start=\"454\" data-end=\"780\">The headphones are built with <strong data-start=\"482\" data-end=\"540\">ultra-soft materials and flexible titanium hook<\/strong>, which naturally adapt to the shape of the ear for secure fit even during intense activity. For additional stability, a <strong data-start=\"693\" data-end=\"739\">Adjustable and detachable neckband<\/strong>.<\/p>\n<p data-start=\"782\" data-end=\"1145\">In terms of audio, AeroFit Pro offers a rich experience thanks to <strong data-start=\"854\" data-end=\"903\">large 16.2 mm driver with titanium coating<\/strong>, bringing powerful bass, clear sound and <strong data-start=\"955\" data-end=\"972\">Spatial Audio<\/strong> for a more immersive feel. Support for <strong data-start=\"1017\" data-end=\"1025\">LDAC<\/strong> provides high-quality audio transmission for a more detailed experience.<\/p>\n<p data-start=\"1147\" data-end=\"1523\">For everyday use and sports, these headphones are equipped with <strong data-start=\"1216\" data-end=\"1257\">IPX5 water and sweat resistance<\/strong>, making them reliable in any situation. The battery offers up to <strong data-start=\"1322\" data-end=\"1368\">14\u201315 hours of use on a single charge<\/strong> and until <strong data-start=\"1381\" data-end=\"1402\">46 hours with case<\/strong>, while fast charging gives you several hours of use with just a few minutes of charging.<\/p>\n<p data-start=\"1525\" data-end=\"1774\">For communication, the system with <strong data-start=\"1551\" data-end=\"1573\">4 microphones and AI<\/strong> provides clear calls, while functions such as <strong data-start=\"1620\" data-end=\"1675\">multipoint connection and control with physical buttons<\/strong> make use more practical and precise while moving.<\/p>","protected":false},"excerpt":{"rendered":"<div class=\"flex flex-col text-sm\">\n<article class=\"text-token-text-primary w-full focus:outline-none [--shadow-height:45px] has-data-writing-block:pointer-events-none has-data-writing-block:-mt-(--shadow-height) has-data-writing-block:pt-(--shadow-height) [&amp;:has([data-writing-block])&gt;*]:pointer-events-auto scroll-mt-[calc(var(--header-height)+min(200px,max(70px,20svh)))]\" dir=\"auto\" tabindex=\"-1\" data-turn-id=\"request-699ed87e-d8bc-8387-af17-be4d92a70005-7\" data-testid=\"conversation-turn-126\" data-scroll-anchor=\"true\" data-turn=\"assistant\">\n<div class=\"text-base my-auto mx-auto pb-10 [--thread-content-margin:var(--thread-content-margin-xs,calc(var(--spacing)*4))] @w-sm\/main:[--thread-content-margin:var(--thread-content-margin-sm,calc(var(--spacing)*6))] @w-lg\/main:[--thread-content-margin:var(--thread-content-margin-lg,calc(var(--spacing)*16))] px-(--thread-content-margin)\">\n<div class=\"[--thread-content-max-width:40rem] @w-lg\/main:[--thread-content-max-width:48rem] mx-auto max-w-(--thread-content-max-width) flex-1 group\/turn-messages focus-visible:outline-hidden relative flex w-full min-w-0 flex-col agent-turn\" tabindex=\"-1\">\n<div class=\"flex max-w-full flex-col gap-4 grow\">\n<div class=\"min-h-8 text-message relative flex w-full flex-col items-end gap-2 text-start break-words whitespace-normal [.text-message+&amp;]:mt-1\" dir=\"auto\" data-message-author-role=\"assistant\" data-message-id=\"cbdcd194-f375-4713-bc9e-27c1abad406a\" data-message-model-slug=\"gpt-5-3\">\n<div class=\"flex w-full flex-col gap-1 empty:hidden\">\n<div class=\"markdown prose dark:prose-invert w-full wrap-break-word light markdown-new-styling\">\n<p data-start=\"1807\" data-end=\"2088\"><strong data-start=\"1807\" data-end=\"1860\"><span class=\"hover:entity-accent entity-underline inline cursor-pointer align-baseline\"><span class=\"whitespace-normal\">Soundcore<\/span><\/span> AeroFit Pro<\/strong> jan\u00eb kufje <strong data-start=\"1872\" data-end=\"1884\">open-ear<\/strong> me komoditet maksimal, bas t\u00eb fuqish\u00ebm dhe <strong data-start=\"1928\" data-end=\"1945\">Spatial Audio<\/strong>. Me <strong data-start=\"1950\" data-end=\"1972\">deri 46 or\u00eb bateri<\/strong>, rezistenc\u00eb ndaj ujit IPX5 dhe dizajn t\u00eb q\u00ebndruesh\u00ebm p\u00ebr sport, jan\u00eb perfekte p\u00ebr p\u00ebrdorim aktiv \u00e7do dit\u00eb.<\/p>\n<\/div>\n<\/div>\n<\/div>\n<\/div>\n<\/div>\n<\/div>\n<\/article>\n<\/div>\n","protected":false},"featured_media":4193,"comment_status":"open","ping_status":"closed","template":"","meta":[],"product_brand":[113],"product_cat":[72],"product_tag":[],"class_list":{"0":"post-2427","1":"product","2":"type-product","3":"status-publish","4":"has-post-thumbnail","6":"product_brand-soundcore","7":"product_cat-headphones","8":"product_shipping_class-shipping-within-3-days","10":"first","11":"instock","12":"shipping-taxable","13":"purchasable","14":"product-type-simple"},"_links":{"self":[{"href":"https:\/\/backup.blumond.al\/en\/wp-json\/wp\/v2\/product\/2427","targetHints":{"allow":["GET"]}}],"collection":[{"href":"https:\/\/backup.blumond.al\/en\/wp-json\/wp\/v2\/product"}],"about":[{"href":"https:\/\/backup.blumond.al\/en\/wp-json\/wp\/v2\/types\/product"}],"replies":[{"embeddable":true,"href":"https:\/\/backup.blumond.al\/en\/wp-json\/wp\/v2\/comments?post=2427"}],"wp:featuredmedia":[{"embeddable":true,"href":"https:\/\/backup.blumond.al\/en\/wp-json\/wp\/v2\/media\/4193"}],"wp:attachment":[{"href":"https:\/\/backup.blumond.al\/en\/wp-json\/wp\/v2\/media?parent=2427"}],"wp:term":[{"taxonomy":"product_brand","embeddable":true,"href":"https:\/\/backup.blumond.al\/en\/wp-json\/wp\/v2\/product_brand?post=2427"},{"taxonomy":"product_cat","embeddable":true,"href":"https:\/\/backup.blumond.al\/en\/wp-json\/wp\/v2\/product_cat?post=2427"},{"taxonomy":"product_tag","embeddable":true,"href":"https:\/\/backup.blumond.al\/en\/wp-json\/wp\/v2\/product_tag?post=2427"}],"curies":[{"name":"wp","href":"https:\/\/api.w.org\/{rel}","templated":true}]}}