{"id":2423,"date":"2025-12-07T17:59:19","date_gmt":"2025-12-07T17:59:19","guid":{"rendered":"https:\/\/backup.blumond.al\/?post_type=product&#038;p=2423"},"modified":"2026-03-21T18:21:24","modified_gmt":"2026-03-21T18:21:24","slug":"soundcore-liberty-4-pro","status":"publish","type":"product","link":"https:\/\/backup.blumond.al\/en\/product\/soundcore-liberty-4-pro\/","title":{"rendered":"Soundcore Liberty 4 Pro"},"content":{"rendered":"<p data-start=\"33\" data-end=\"459\"><strong data-start=\"33\" data-end=\"88\"><span class=\"hover:entity-accent entity-underline inline cursor-pointer align-baseline\"><span class=\"whitespace-normal\">Soundcore<\/span><\/span> Liberty 4 Pro<\/strong> are premium headphones that deliver a high-end audio experience, combining the most advanced noise cancellation technology with exceptional sound quality. With <strong data-start=\"266\" data-end=\"292\">7 intelligent sensors<\/strong>, these headphones detect and eliminate noise from any direction, offering up to <strong data-start=\"374\" data-end=\"413\">3 times more noise reduction<\/strong> for a peaceful experience wherever you are.<\/p>\n<p data-start=\"461\" data-end=\"809\">owing to <strong data-start=\"466\" data-end=\"500\">real-time adaptive cancellation<\/strong>, the headphones automatically adapt to the environment every 0.3 seconds, ensuring continuous and optimal noise isolation without interruption. Control is made extremely easy via <strong data-start=\"687\" data-end=\"721\">case with touch bar and screen<\/strong>, allowing you to adjust the level of noise cancelling with a simple slide.<\/p>\n<p data-start=\"811\" data-end=\"1067\">In terms of audio, <strong data-start=\"833\" data-end=\"850\">Liberty 4 Pro<\/strong> offer <strong data-start=\"859\" data-end=\"888\">studio-grade sound<\/strong>, thanks to ACAA technology, a 10.5 mm driver and a titanium-coated tweeter. The result is a clear, rich and balanced sound, ideal for music, movies or podcasts.<\/p>\n<p data-start=\"1069\" data-end=\"1311\">The battery is designed for maximum performance: with <strong data-start=\"1124\" data-end=\"1152\">ultra-fast charging<\/strong>, just 5 minutes of charging gives you up to 4 hours of use. The headphones offer up to <strong data-start=\"1233\" data-end=\"1276\">10 hours of use on a single charge<\/strong> and until <strong data-start=\"1289\" data-end=\"1310\">40 hours with case<\/strong>.<\/p>\n<p data-start=\"1313\" data-end=\"1479\">For clear calls, the system with <strong data-start=\"1349\" data-end=\"1371\">6 microphones and AI<\/strong> eliminates ambient and wind noise, ensuring clear and professional communication in any situation.<\/p>","protected":false},"excerpt":{"rendered":"<div class=\"flex flex-col text-sm pb-25\">\n<article class=\"text-token-text-primary w-full focus:outline-none [--shadow-height:45px] has-data-writing-block:pointer-events-none has-data-writing-block:-mt-(--shadow-height) has-data-writing-block:pt-(--shadow-height) [&amp;:has([data-writing-block])&gt;*]:pointer-events-auto scroll-mt-[calc(var(--header-height)+min(200px,max(70px,20svh)))]\" dir=\"auto\" tabindex=\"-1\" data-turn-id=\"request-699ed87e-d8bc-8387-af17-be4d92a70005-4\" data-testid=\"conversation-turn-120\" data-scroll-anchor=\"true\" data-turn=\"assistant\">\n<div class=\"text-base my-auto mx-auto pb-10 [--thread-content-margin:var(--thread-content-margin-xs,calc(var(--spacing)*4))] @w-sm\/main:[--thread-content-margin:var(--thread-content-margin-sm,calc(var(--spacing)*6))] @w-lg\/main:[--thread-content-margin:var(--thread-content-margin-lg,calc(var(--spacing)*16))] px-(--thread-content-margin)\">\n<div class=\"[--thread-content-max-width:40rem] @w-lg\/main:[--thread-content-max-width:48rem] mx-auto max-w-(--thread-content-max-width) flex-1 group\/turn-messages focus-visible:outline-hidden relative flex w-full min-w-0 flex-col agent-turn\" tabindex=\"-1\">\n<div class=\"flex max-w-full flex-col gap-4 grow\">\n<div class=\"min-h-8 text-message relative flex w-full flex-col items-end gap-2 text-start break-words whitespace-normal [.text-message+&amp;]:mt-1\" dir=\"auto\" data-message-author-role=\"assistant\" data-message-id=\"67d6df21-0ec6-487d-a60b-077ee69fe923\" data-message-model-slug=\"gpt-5-3\">\n<div class=\"flex w-full flex-col gap-1 empty:hidden\">\n<div class=\"markdown prose dark:prose-invert w-full wrap-break-word light markdown-new-styling\">\n<p data-start=\"1512\" data-end=\"1806\" data-is-last-node=\"\" data-is-only-node=\"\"><strong data-start=\"1512\" data-end=\"1567\"><span class=\"hover:entity-accent entity-underline inline cursor-pointer align-baseline\"><span class=\"whitespace-normal\">Soundcore<\/span><\/span> Liberty 4 Pro<\/strong> ofrojn\u00eb <strong data-start=\"1576\" data-end=\"1621\">noise cancelling t\u00eb avancuar me 7 sensor\u00eb<\/strong>, tingull premium me ACAA dhe deri n\u00eb <strong data-start=\"1659\" data-end=\"1676\">40 or\u00eb bateri<\/strong>. Me karikim super t\u00eb shpejt\u00eb dhe <strong data-start=\"1710\" data-end=\"1749\">6 mikrofon\u00eb AI p\u00ebr thirrje t\u00eb qarta<\/strong>, jan\u00eb zgjedhja ideale p\u00ebr audio t\u00eb nivelit t\u00eb lart\u00eb.<\/p>\n<\/div>\n<\/div>\n<\/div>\n<\/div>\n<div class=\"z-0 flex min-h-[46px] justify-start\"><\/div>\n<div class=\"mt-3 w-full empty:hidden\">\n<div class=\"text-center\"><\/div>\n<\/div>\n<\/div>\n<\/div>\n<\/article>\n<\/div>\n<div class=\"pointer-events-none h-px w-px absolute bottom-0\" aria-hidden=\"true\" data-edge=\"true\"><\/div>\n","protected":false},"featured_media":2856,"comment_status":"open","ping_status":"closed","template":"","meta":[],"product_brand":[113],"product_cat":[72],"product_tag":[],"class_list":{"0":"post-2423","1":"product","2":"type-product","3":"status-publish","4":"has-post-thumbnail","6":"product_brand-soundcore","7":"product_cat-headphones","8":"product_shipping_class-shipping-within-3-days","10":"first","11":"outofstock","12":"shipping-taxable","13":"purchasable","14":"product-type-simple"},"_links":{"self":[{"href":"https:\/\/backup.blumond.al\/en\/wp-json\/wp\/v2\/product\/2423","targetHints":{"allow":["GET"]}}],"collection":[{"href":"https:\/\/backup.blumond.al\/en\/wp-json\/wp\/v2\/product"}],"about":[{"href":"https:\/\/backup.blumond.al\/en\/wp-json\/wp\/v2\/types\/product"}],"replies":[{"embeddable":true,"href":"https:\/\/backup.blumond.al\/en\/wp-json\/wp\/v2\/comments?post=2423"}],"wp:featuredmedia":[{"embeddable":true,"href":"https:\/\/backup.blumond.al\/en\/wp-json\/wp\/v2\/media\/2856"}],"wp:attachment":[{"href":"https:\/\/backup.blumond.al\/en\/wp-json\/wp\/v2\/media?parent=2423"}],"wp:term":[{"taxonomy":"product_brand","embeddable":true,"href":"https:\/\/backup.blumond.al\/en\/wp-json\/wp\/v2\/product_brand?post=2423"},{"taxonomy":"product_cat","embeddable":true,"href":"https:\/\/backup.blumond.al\/en\/wp-json\/wp\/v2\/product_cat?post=2423"},{"taxonomy":"product_tag","embeddable":true,"href":"https:\/\/backup.blumond.al\/en\/wp-json\/wp\/v2\/product_tag?post=2423"}],"curies":[{"name":"wp","href":"https:\/\/api.w.org\/{rel}","templated":true}]}}